{"id":1296,"date":"2015-04-24T22:56:53","date_gmt":"2015-04-24T20:56:53","guid":{"rendered":"http:\/\/santacruz-ic.com\/de\/?page_id=1296"},"modified":"2015-04-24T22:56:53","modified_gmt":"2015-04-24T20:56:53","slug":"el-polvo-de-los-antepasados","status":"publish","type":"page","link":"http:\/\/santacruz-ic.com\/de\/projekte\/el-polvo-de-los-antepasados\/","title":{"rendered":"El Polvo de los Antepasados"},"content":{"rendered":"<p>Tempor\u00e4re Ausstellung. Co-Organisation: Santacruz International Communication im Museo del Arte Popular in Mexiko-Stadt. 25. Oktober 2014 \u2013 22. Februar 2015.<\/p>\n<p>Animierter Kurzfilm \u201ePeyotl\u201c, nach dem Comic \u201eEl polvo de los antepasados\u201c, erz\u00e4hlt die Geschichte des Maskenbildners Jos\u00e9 Guadalupe Reyes, der Ende des 19. Jahrhunderts w\u00e4hrend eines Rituals mit Peyote in der W\u00fcste des kolonialen Hochlands Mexikos sein Leben verliert.<\/p>\n<p><iframe loading=\"lazy\" src=\"\/\/player.vimeo.com\/video\/112914510\" width=\"500\" height=\"281\" frameborder=\"0\" webkitallowfullscreen mozallowfullscreen allowfullscreen><\/iframe> <\/p>\n\n<div class=\"flexslider ssp_slider_default\" id=\"slider_1076\" data-slider_id=\"1076\" data-slider_options=\"{&quot;animation&quot;:&quot;slide&quot;,&quot;slideshow&quot;:true,&quot;h_responsive&quot;:false,&quot;height&quot;:&quot;&quot;,&quot;w_responsive&quot;:false,&quot;width&quot;:&quot;507&quot;,&quot;direction&quot;:&quot;horizontal&quot;,&quot;cycle_speed&quot;:&quot;5&quot;,&quot;animation_speed&quot;:&quot;0.6&quot;,&quot;control_nav&quot;:true,&quot;direction_nav&quot;:true,&quot;keyboard_nav&quot;:true,&quot;touch_nav&quot;:true,&quot;pause_on_hover&quot;:true,&quot;caption_box&quot;:false,&quot;linkable&quot;:false,&quot;thumbnail_navigation&quot;:false}\">\n\n<ul class=\"slides ssp_slider wsp_default_skin\">\n\n  <li class=\"slide\" data-thumb=\"http:\/\/santacruz-ic.com\/de\/wp-content\/uploads\/sites\/2\/2014\/12\/pestemer_1-224x300.jpg\">\n\n        \n                  <img alt=\"\" class=\"slide_image\" src=\"http:\/\/santacruz-ic.com\/de\/wp-content\/uploads\/sites\/2\/2014\/12\/pestemer_1.jpg\" \/>\n          \n    \n    \n  <\/li>\n  <li class=\"slide\" data-thumb=\"http:\/\/santacruz-ic.com\/de\/wp-content\/uploads\/sites\/2\/2014\/12\/pestemer_2-193x300.jpg\">\n\n        \n                  <img alt=\"\" class=\"slide_image\" src=\"http:\/\/santacruz-ic.com\/de\/wp-content\/uploads\/sites\/2\/2014\/12\/pestemer_2.jpg\" \/>\n          \n    \n    \n  <\/li>\n  <li class=\"slide\" data-thumb=\"http:\/\/santacruz-ic.com\/de\/wp-content\/uploads\/sites\/2\/2014\/12\/pestemer_3-300x131.jpg\">\n\n        \n                  <img alt=\"\" class=\"slide_image\" src=\"http:\/\/santacruz-ic.com\/de\/wp-content\/uploads\/sites\/2\/2014\/12\/pestemer_3.jpg\" \/>\n          \n    \n    \n  <\/li>\n\n<\/ul>\n\n<\/div>\n<p>Animation: Max von Bock<br \/>\nTon und Musik: Tim Kroker<br \/>\nGeschichte und Zeichnungen: Felix Pestemer<br \/>\n\u00dcbersetzung: Alejandra Ayala Leal<br \/>\nSprecher: Don Reyes \u2013 Lino Santacruz Moctezuma<br \/>\nJuanito \u2013 Fabi\u00e1n Garc\u00eda Herrera<\/p>\n<p>Museo de Arte Popular<br \/>\nTempor\u00e4re Ausstellung<br \/>\n\u201eEl polvo de los antepasados \u2013 Felix Pestemer\u201c<br \/>\n25. Oktober 2014 \u2013 22. Februar 2015<br \/>\nRevillagigedo Nr.11 \/ Independencia<br \/>\nHistorisches Zentrum, Mexiko-Stadt<\/p>\n<p>&#8218;El polvo de los antepasados&#8216;<br \/>\n\u00a9 Museo de Arte Popular, M\u00e9xico D.F. 2014<br \/>\nKatalog, 104 Seiten, 23,5 x 31,5 cm<br \/>\nISBN 978-6077611639<\/p>\n<p>\u00a9 Editorial La C\u00fapula, Barcelona 2012<br \/>\nHardcover, 96 Seiten, 21,5 x 28 cm<br \/>\nISBN 978-8478339945<\/p>\n","protected":false},"excerpt":{"rendered":"<p>Tempor\u00e4re Ausstellung. Co-Organisation: Santacruz International Communication im Museo del Arte Popular in Mexiko-Stadt. 25. Oktober 2014 \u2013 22. Februar 2015. Animierter Kurzfilm \u201ePeyotl\u201c, nach dem Comic \u201eEl polvo de los antepasados\u201c, erz\u00e4hlt die Geschichte des Maskenbildners Jos\u00e9 Guadalupe Reyes, der Ende des 19. Jahrhunderts w\u00e4hrend eines Rituals mit Peyote in der W\u00fcste des kolonialen Hochlands [&hellip;]<\/p>\n","protected":false},"author":4,"featured_media":0,"parent":31,"menu_order":4,"comment_status":"open","ping_status":"open","template":"","meta":[],"_links":{"self":[{"href":"http:\/\/santacruz-ic.com\/de\/wp-json\/wp\/v2\/pages\/1296"}],"collection":[{"href":"http:\/\/santacruz-ic.com\/de\/wp-json\/wp\/v2\/pages"}],"about":[{"href":"http:\/\/santacruz-ic.com\/de\/wp-json\/wp\/v2\/types\/page"}],"author":[{"embeddable":true,"href":"http:\/\/santacruz-ic.com\/de\/wp-json\/wp\/v2\/users\/4"}],"replies":[{"embeddable":true,"href":"http:\/\/santacruz-ic.com\/de\/wp-json\/wp\/v2\/comments?post=1296"}],"version-history":[{"count":1,"href":"http:\/\/santacruz-ic.com\/de\/wp-json\/wp\/v2\/pages\/1296\/revisions"}],"predecessor-version":[{"id":1297,"href":"http:\/\/santacruz-ic.com\/de\/wp-json\/wp\/v2\/pages\/1296\/revisions\/1297"}],"up":[{"embeddable":true,"href":"http:\/\/santacruz-ic.com\/de\/wp-json\/wp\/v2\/pages\/31"}],"wp:attachment":[{"href":"http:\/\/santacruz-ic.com\/de\/wp-json\/wp\/v2\/media?parent=1296"}],"curies":[{"name":"wp","href":"https:\/\/api.w.org\/{rel}","templated":true}]}}