{"id":1300,"date":"2015-04-24T22:58:59","date_gmt":"2015-04-24T20:58:59","guid":{"rendered":"http:\/\/santacruz-ic.com\/de\/?page_id=1300"},"modified":"2015-04-24T22:59:07","modified_gmt":"2015-04-24T20:59:07","slug":"euvox-2","status":"publish","type":"page","link":"http:\/\/santacruz-ic.com\/de\/projekte\/euvox-2\/","title":{"rendered":"Euvox"},"content":{"rendered":"<p>EUVOX \u2013 Communication Management Germany. \u00d6ffentlichkeitsarbeit im Zuge der Markteinf\u00fchrung des Online-Wahlkompass (Voting Advice Application) EUVOX 2014 im Vorfeld der europ\u00e4ischen Parlamentswahlen im Mai 2014. Pr\u00e4sentationsstrategie f\u00fcr Deutschland, Organisation der Pressekonferenz und mediale Verbreitung der Anwendung. <\/p>\n<p><img loading=\"lazy\" src=\"http:\/\/santacruz-ic.com\/de\/wp-content\/uploads\/sites\/2\/2013\/03\/euvox.jpg\" alt=\"euvox\" width=\"507\" height=\"187\" class=\"alignleft size-full wp-image-1083\" srcset=\"http:\/\/santacruz-ic.com\/de\/wp-content\/uploads\/sites\/2\/2013\/03\/euvox.jpg 507w, http:\/\/santacruz-ic.com\/de\/wp-content\/uploads\/sites\/2\/2013\/03\/euvox-300x110.jpg 300w\" sizes=\"(max-width: 507px) 100vw, 507px\" \/><\/p>\n","protected":false},"excerpt":{"rendered":"<p>EUVOX \u2013 Communication Management Germany. \u00d6ffentlichkeitsarbeit im Zuge der Markteinf\u00fchrung des Online-Wahlkompass (Voting Advice Application) EUVOX 2014 im Vorfeld der europ\u00e4ischen Parlamentswahlen im Mai 2014. Pr\u00e4sentationsstrategie f\u00fcr Deutschland, Organisation der Pressekonferenz und mediale Verbreitung der Anwendung.<\/p>\n","protected":false},"author":4,"featured_media":0,"parent":31,"menu_order":6,"comment_status":"open","ping_status":"open","template":"","meta":[],"_links":{"self":[{"href":"http:\/\/santacruz-ic.com\/de\/wp-json\/wp\/v2\/pages\/1300"}],"collection":[{"href":"http:\/\/santacruz-ic.com\/de\/wp-json\/wp\/v2\/pages"}],"about":[{"href":"http:\/\/santacruz-ic.com\/de\/wp-json\/wp\/v2\/types\/page"}],"author":[{"embeddable":true,"href":"http:\/\/santacruz-ic.com\/de\/wp-json\/wp\/v2\/users\/4"}],"replies":[{"embeddable":true,"href":"http:\/\/santacruz-ic.com\/de\/wp-json\/wp\/v2\/comments?post=1300"}],"version-history":[{"count":1,"href":"http:\/\/santacruz-ic.com\/de\/wp-json\/wp\/v2\/pages\/1300\/revisions"}],"predecessor-version":[{"id":1301,"href":"http:\/\/santacruz-ic.com\/de\/wp-json\/wp\/v2\/pages\/1300\/revisions\/1301"}],"up":[{"embeddable":true,"href":"http:\/\/santacruz-ic.com\/de\/wp-json\/wp\/v2\/pages\/31"}],"wp:attachment":[{"href":"http:\/\/santacruz-ic.com\/de\/wp-json\/wp\/v2\/media?parent=1300"}],"curies":[{"name":"wp","href":"https:\/\/api.w.org\/{rel}","templated":true}]}}