{"id":1308,"date":"2015-04-24T23:01:26","date_gmt":"2015-04-24T21:01:26","guid":{"rendered":"http:\/\/santacruz-ic.com\/de\/?page_id=1308"},"modified":"2015-04-24T23:01:26","modified_gmt":"2015-04-24T21:01:26","slug":"aems","status":"publish","type":"page","link":"http:\/\/santacruz-ic.com\/de\/projekte\/aems\/","title":{"rendered":"AEMS"},"content":{"rendered":"<p>Berater des Pr\u00e4sidenten der Asociaci\u00f3n Empresarial Mexicano Suiza, Andr\u00e9s Eberle, w\u00e4hrend des Besuchs von Bundesrat Johann Schneider-Ammann in Mexiko im Februar 2013.<\/p>\n","protected":false},"excerpt":{"rendered":"<p>Berater des Pr\u00e4sidenten der Asociaci\u00f3n Empresarial Mexicano Suiza, Andr\u00e9s Eberle, w\u00e4hrend des Besuchs von Bundesrat Johann Schneider-Ammann in Mexiko im Februar 2013.<\/p>\n","protected":false},"author":4,"featured_media":0,"parent":31,"menu_order":10,"comment_status":"open","ping_status":"open","template":"","meta":[],"_links":{"self":[{"href":"http:\/\/santacruz-ic.com\/de\/wp-json\/wp\/v2\/pages\/1308"}],"collection":[{"href":"http:\/\/santacruz-ic.com\/de\/wp-json\/wp\/v2\/pages"}],"about":[{"href":"http:\/\/santacruz-ic.com\/de\/wp-json\/wp\/v2\/types\/page"}],"author":[{"embeddable":true,"href":"http:\/\/santacruz-ic.com\/de\/wp-json\/wp\/v2\/users\/4"}],"replies":[{"embeddable":true,"href":"http:\/\/santacruz-ic.com\/de\/wp-json\/wp\/v2\/comments?post=1308"}],"version-history":[{"count":1,"href":"http:\/\/santacruz-ic.com\/de\/wp-json\/wp\/v2\/pages\/1308\/revisions"}],"predecessor-version":[{"id":1309,"href":"http:\/\/santacruz-ic.com\/de\/wp-json\/wp\/v2\/pages\/1308\/revisions\/1309"}],"up":[{"embeddable":true,"href":"http:\/\/santacruz-ic.com\/de\/wp-json\/wp\/v2\/pages\/31"}],"wp:attachment":[{"href":"http:\/\/santacruz-ic.com\/de\/wp-json\/wp\/v2\/media?parent=1308"}],"curies":[{"name":"wp","href":"https:\/\/api.w.org\/{rel}","templated":true}]}}