{"id":1310,"date":"2015-04-24T23:01:54","date_gmt":"2015-04-24T21:01:54","guid":{"rendered":"http:\/\/santacruz-ic.com\/de\/?page_id=1310"},"modified":"2015-04-24T23:02:10","modified_gmt":"2015-04-24T21:02:10","slug":"ausstellung-vochol","status":"publish","type":"page","link":"http:\/\/santacruz-ic.com\/de\/projekte\/ausstellung-vochol\/","title":{"rendered":"Ausstellung &#8222;VOCHOL&#8220;"},"content":{"rendered":"<p>Planung und Organisation der Pr\u00e4sentation des &#8222;Vochol&#8220; in der Autostadt in Wolfsburg. Dieses Kunstobjekt ist Eigentum des Museums f\u00fcr Volkskunst in Mexiko-Stadt. Nach zwei Jahren Verhandlungen zwischen der Autostadt, dem Museum und dem mexikanischen Au\u00dfenministerium, wurde das Werk am 6. Dezember 2012 in der Autostadt pr\u00e4sentiert.<\/p>\n\n<div class=\"flexslider ssp_slider_default\" id=\"slider_847\" data-slider_id=\"847\" data-slider_options=\"{&quot;animation&quot;:&quot;slide&quot;,&quot;slideshow&quot;:true,&quot;h_responsive&quot;:false,&quot;height&quot;:&quot;338&quot;,&quot;w_responsive&quot;:false,&quot;width&quot;:&quot;507&quot;,&quot;direction&quot;:&quot;horizontal&quot;,&quot;cycle_speed&quot;:&quot;5&quot;,&quot;animation_speed&quot;:&quot;0.6&quot;,&quot;control_nav&quot;:true,&quot;direction_nav&quot;:true,&quot;keyboard_nav&quot;:true,&quot;touch_nav&quot;:true,&quot;pause_on_hover&quot;:true,&quot;caption_box&quot;:false,&quot;linkable&quot;:false,&quot;thumbnail_navigation&quot;:false}\">\n\n<ul class=\"slides ssp_slider wsp_default_skin\">\n\n  <li class=\"slide\" data-thumb=\"http:\/\/santacruz-ic.com\/de\/wp-content\/uploads\/sites\/2\/2013\/03\/vochol_1-300x200.jpg\">\n\n        \n                  <img alt=\"\" class=\"slide_image\" src=\"http:\/\/santacruz-ic.com\/de\/wp-content\/uploads\/sites\/2\/2013\/03\/vochol_1.jpg\" \/>\n          \n    \n    \n  <\/li>\n  <li class=\"slide\" data-thumb=\"http:\/\/santacruz-ic.com\/de\/wp-content\/uploads\/sites\/2\/2013\/03\/vochol_2-300x200.jpg\">\n\n        \n                  <img alt=\"\" class=\"slide_image\" src=\"http:\/\/santacruz-ic.com\/de\/wp-content\/uploads\/sites\/2\/2013\/03\/vochol_2.jpg\" \/>\n          \n    \n    \n  <\/li>\n  <li class=\"slide\" data-thumb=\"http:\/\/santacruz-ic.com\/de\/wp-content\/uploads\/sites\/2\/2013\/03\/vochol_3-300x200.jpg\">\n\n        \n                  <img alt=\"\" class=\"slide_image\" src=\"http:\/\/santacruz-ic.com\/de\/wp-content\/uploads\/sites\/2\/2013\/03\/vochol_3.jpg\" \/>\n          \n    \n    \n  <\/li>\n\n<\/ul>\n\n<\/div>\n<p><iframe loading=\"lazy\" src=\"\/\/player.vimeo.com\/video\/85338687\" width=\"500\" height=\"281\" frameborder=\"0\" webkitallowfullscreen mozallowfullscreen allowfullscreen><\/iframe><\/p>\n","protected":false},"excerpt":{"rendered":"<p>Planung und Organisation der Pr\u00e4sentation des &#8222;Vochol&#8220; in der Autostadt in Wolfsburg. Dieses Kunstobjekt ist Eigentum des Museums f\u00fcr Volkskunst in Mexiko-Stadt. Nach zwei Jahren Verhandlungen zwischen der Autostadt, dem Museum und dem mexikanischen Au\u00dfenministerium, wurde das Werk am 6. Dezember 2012 in der Autostadt pr\u00e4sentiert.<\/p>\n","protected":false},"author":4,"featured_media":0,"parent":31,"menu_order":11,"comment_status":"open","ping_status":"open","template":"","meta":[],"_links":{"self":[{"href":"http:\/\/santacruz-ic.com\/de\/wp-json\/wp\/v2\/pages\/1310"}],"collection":[{"href":"http:\/\/santacruz-ic.com\/de\/wp-json\/wp\/v2\/pages"}],"about":[{"href":"http:\/\/santacruz-ic.com\/de\/wp-json\/wp\/v2\/types\/page"}],"author":[{"embeddable":true,"href":"http:\/\/santacruz-ic.com\/de\/wp-json\/wp\/v2\/users\/4"}],"replies":[{"embeddable":true,"href":"http:\/\/santacruz-ic.com\/de\/wp-json\/wp\/v2\/comments?post=1310"}],"version-history":[{"count":2,"href":"http:\/\/santacruz-ic.com\/de\/wp-json\/wp\/v2\/pages\/1310\/revisions"}],"predecessor-version":[{"id":1312,"href":"http:\/\/santacruz-ic.com\/de\/wp-json\/wp\/v2\/pages\/1310\/revisions\/1312"}],"up":[{"embeddable":true,"href":"http:\/\/santacruz-ic.com\/de\/wp-json\/wp\/v2\/pages\/31"}],"wp:attachment":[{"href":"http:\/\/santacruz-ic.com\/de\/wp-json\/wp\/v2\/media?parent=1310"}],"curies":[{"name":"wp","href":"https:\/\/api.w.org\/{rel}","templated":true}]}}