{"id":1315,"date":"2015-04-24T23:03:06","date_gmt":"2015-04-24T21:03:06","guid":{"rendered":"http:\/\/santacruz-ic.com\/de\/?page_id=1315"},"modified":"2015-04-24T23:03:06","modified_gmt":"2015-04-24T21:03:06","slug":"the-autostadt-stories","status":"publish","type":"page","link":"http:\/\/santacruz-ic.com\/de\/projekte\/the-autostadt-stories\/","title":{"rendered":"&#8222;The Autostadt Stories&#8220;"},"content":{"rendered":"<p>Publikation im Jahr 2010. Erste Ver\u00f6ffentlichung f\u00fcr die Autostadt in Wolfsburg. Konzeption und Projektmanagement. Konzipiert zum Zweck der Pr\u00e4sentation des Unternehmens f\u00fcr internationales Publikum. Durch die vier Teile &#8211; &#8222;Impressions&#8220;, &#8222;Faces&#8220;, &#8222;Premises&#8220; und &#8222;Vision&#8220; \u2013 beschreibt sie das Konzept des Unternehmens, stellt die kreativen K\u00f6pfe des Projektes vor und zeigt Einrichtungen und Attraktionen der Autostadt sowie deren Zukunftsvision. Ver\u00f6ffentlichung in drei Sprachen: Englisch, Spanisch und Chinesisch.<\/p>\n\n<div class=\"flexslider ssp_slider_default\" id=\"slider_849\" data-slider_id=\"849\" data-slider_options=\"{&quot;animation&quot;:&quot;slide&quot;,&quot;slideshow&quot;:true,&quot;h_responsive&quot;:false,&quot;height&quot;:&quot;338&quot;,&quot;w_responsive&quot;:false,&quot;width&quot;:&quot;507&quot;,&quot;direction&quot;:&quot;horizontal&quot;,&quot;cycle_speed&quot;:&quot;5&quot;,&quot;animation_speed&quot;:&quot;0.6&quot;,&quot;control_nav&quot;:true,&quot;direction_nav&quot;:true,&quot;keyboard_nav&quot;:true,&quot;touch_nav&quot;:true,&quot;pause_on_hover&quot;:true,&quot;caption_box&quot;:false,&quot;linkable&quot;:false,&quot;thumbnail_navigation&quot;:false}\">\n\n<ul class=\"slides ssp_slider wsp_default_skin\">\n\n  <li class=\"slide\" data-thumb=\"http:\/\/santacruz-ic.com\/de\/wp-content\/uploads\/sites\/2\/2013\/03\/stories_4-300x200.jpg\">\n\n        \n                  <img alt=\"\" class=\"slide_image\" src=\"http:\/\/santacruz-ic.com\/de\/wp-content\/uploads\/sites\/2\/2013\/03\/stories_4.jpg\" \/>\n          \n    \n    \n  <\/li>\n  <li class=\"slide\" data-thumb=\"http:\/\/santacruz-ic.com\/de\/wp-content\/uploads\/sites\/2\/2013\/03\/stories_3-300x200.jpg\">\n\n        \n                  <img alt=\"\" class=\"slide_image\" src=\"http:\/\/santacruz-ic.com\/de\/wp-content\/uploads\/sites\/2\/2013\/03\/stories_3.jpg\" \/>\n          \n    \n    \n  <\/li>\n  <li class=\"slide\" data-thumb=\"http:\/\/santacruz-ic.com\/de\/wp-content\/uploads\/sites\/2\/2013\/03\/stories_2-300x200.jpg\">\n\n        \n                  <img alt=\"\" class=\"slide_image\" src=\"http:\/\/santacruz-ic.com\/de\/wp-content\/uploads\/sites\/2\/2013\/03\/stories_2.jpg\" \/>\n          \n    \n    \n  <\/li>\n  <li class=\"slide\" data-thumb=\"http:\/\/santacruz-ic.com\/de\/wp-content\/uploads\/sites\/2\/2013\/03\/stories_1-300x200.jpg\">\n\n        \n                  <img alt=\"\" class=\"slide_image\" src=\"http:\/\/santacruz-ic.com\/de\/wp-content\/uploads\/sites\/2\/2013\/03\/stories_1.jpg\" \/>\n          \n    \n    \n  <\/li>\n\n<\/ul>\n\n<\/div>\n","protected":false},"excerpt":{"rendered":"<p>Publikation im Jahr 2010. Erste Ver\u00f6ffentlichung f\u00fcr die Autostadt in Wolfsburg. Konzeption und Projektmanagement. Konzipiert zum Zweck der Pr\u00e4sentation des Unternehmens f\u00fcr internationales Publikum. Durch die vier Teile &#8211; &#8222;Impressions&#8220;, &#8222;Faces&#8220;, &#8222;Premises&#8220; und &#8222;Vision&#8220; \u2013 beschreibt sie das Konzept des Unternehmens, stellt die kreativen K\u00f6pfe des Projektes vor und zeigt Einrichtungen und Attraktionen der Autostadt [&hellip;]<\/p>\n","protected":false},"author":4,"featured_media":0,"parent":31,"menu_order":13,"comment_status":"open","ping_status":"open","template":"","meta":[],"_links":{"self":[{"href":"http:\/\/santacruz-ic.com\/de\/wp-json\/wp\/v2\/pages\/1315"}],"collection":[{"href":"http:\/\/santacruz-ic.com\/de\/wp-json\/wp\/v2\/pages"}],"about":[{"href":"http:\/\/santacruz-ic.com\/de\/wp-json\/wp\/v2\/types\/page"}],"author":[{"embeddable":true,"href":"http:\/\/santacruz-ic.com\/de\/wp-json\/wp\/v2\/users\/4"}],"replies":[{"embeddable":true,"href":"http:\/\/santacruz-ic.com\/de\/wp-json\/wp\/v2\/comments?post=1315"}],"version-history":[{"count":1,"href":"http:\/\/santacruz-ic.com\/de\/wp-json\/wp\/v2\/pages\/1315\/revisions"}],"predecessor-version":[{"id":1316,"href":"http:\/\/santacruz-ic.com\/de\/wp-json\/wp\/v2\/pages\/1315\/revisions\/1316"}],"up":[{"embeddable":true,"href":"http:\/\/santacruz-ic.com\/de\/wp-json\/wp\/v2\/pages\/31"}],"wp:attachment":[{"href":"http:\/\/santacruz-ic.com\/de\/wp-json\/wp\/v2\/media?parent=1315"}],"curies":[{"name":"wp","href":"https:\/\/api.w.org\/{rel}","templated":true}]}}