{"id":1319,"date":"2015-04-24T23:04:17","date_gmt":"2015-04-24T21:04:17","guid":{"rendered":"http:\/\/santacruz-ic.com\/de\/?page_id=1319"},"modified":"2015-04-24T23:04:17","modified_gmt":"2015-04-24T21:04:17","slug":"mexico-siempre-mexico","status":"publish","type":"page","link":"http:\/\/santacruz-ic.com\/de\/projekte\/mexico-siempre-mexico\/","title":{"rendered":"&#8222;M\u00e9xico, Siempre M\u00e9xico&#8220;"},"content":{"rendered":"<p>Konzept und Realisierung der Modenschau &#8222;M\u00e9xico, Siempre M\u00e9xico&#8220; des mexikanischen Designers Armando Mafud. Musikalisches Rahmenprogramm durch das Vokalensemble &#8222;Voz en Punto&#8220;. Umsetzung anl\u00e4sslich des mexikanischen Nationalfeiertags 2004 in Berlin. 400 G\u00e4ste waren anwesend.<\/p>\n\n<div class=\"flexslider ssp_slider_default\" id=\"slider_851\" data-slider_id=\"851\" data-slider_options=\"{&quot;animation&quot;:&quot;slide&quot;,&quot;slideshow&quot;:true,&quot;h_responsive&quot;:false,&quot;height&quot;:&quot;338&quot;,&quot;w_responsive&quot;:false,&quot;width&quot;:&quot;507&quot;,&quot;direction&quot;:&quot;horizontal&quot;,&quot;cycle_speed&quot;:&quot;5&quot;,&quot;animation_speed&quot;:&quot;0.6&quot;,&quot;control_nav&quot;:true,&quot;direction_nav&quot;:true,&quot;keyboard_nav&quot;:true,&quot;touch_nav&quot;:true,&quot;pause_on_hover&quot;:true,&quot;caption_box&quot;:false,&quot;linkable&quot;:false,&quot;thumbnail_navigation&quot;:false}\">\n\n<ul class=\"slides ssp_slider wsp_default_skin\">\n\n  <li class=\"slide\" data-thumb=\"http:\/\/santacruz-ic.com\/de\/wp-content\/uploads\/sites\/2\/2013\/03\/mafud_2-300x200.jpg\">\n\n        \n                  <img alt=\"\" class=\"slide_image\" src=\"http:\/\/santacruz-ic.com\/de\/wp-content\/uploads\/sites\/2\/2013\/03\/mafud_2.jpg\" \/>\n          \n    \n    \n  <\/li>\n  <li class=\"slide\" data-thumb=\"http:\/\/santacruz-ic.com\/de\/wp-content\/uploads\/sites\/2\/2013\/03\/mafud_1-300x200.jpg\">\n\n        \n                  <img alt=\"\" class=\"slide_image\" src=\"http:\/\/santacruz-ic.com\/de\/wp-content\/uploads\/sites\/2\/2013\/03\/mafud_1.jpg\" \/>\n          \n    \n    \n  <\/li>\n\n<\/ul>\n\n<\/div>\n","protected":false},"excerpt":{"rendered":"<p>Konzept und Realisierung der Modenschau &#8222;M\u00e9xico, Siempre M\u00e9xico&#8220; des mexikanischen Designers Armando Mafud. Musikalisches Rahmenprogramm durch das Vokalensemble &#8222;Voz en Punto&#8220;. Umsetzung anl\u00e4sslich des mexikanischen Nationalfeiertags 2004 in Berlin. 400 G\u00e4ste waren anwesend.<\/p>\n","protected":false},"author":4,"featured_media":0,"parent":31,"menu_order":15,"comment_status":"open","ping_status":"open","template":"","meta":[],"_links":{"self":[{"href":"http:\/\/santacruz-ic.com\/de\/wp-json\/wp\/v2\/pages\/1319"}],"collection":[{"href":"http:\/\/santacruz-ic.com\/de\/wp-json\/wp\/v2\/pages"}],"about":[{"href":"http:\/\/santacruz-ic.com\/de\/wp-json\/wp\/v2\/types\/page"}],"author":[{"embeddable":true,"href":"http:\/\/santacruz-ic.com\/de\/wp-json\/wp\/v2\/users\/4"}],"replies":[{"embeddable":true,"href":"http:\/\/santacruz-ic.com\/de\/wp-json\/wp\/v2\/comments?post=1319"}],"version-history":[{"count":1,"href":"http:\/\/santacruz-ic.com\/de\/wp-json\/wp\/v2\/pages\/1319\/revisions"}],"predecessor-version":[{"id":1320,"href":"http:\/\/santacruz-ic.com\/de\/wp-json\/wp\/v2\/pages\/1319\/revisions\/1320"}],"up":[{"embeddable":true,"href":"http:\/\/santacruz-ic.com\/de\/wp-json\/wp\/v2\/pages\/31"}],"wp:attachment":[{"href":"http:\/\/santacruz-ic.com\/de\/wp-json\/wp\/v2\/media?parent=1319"}],"curies":[{"name":"wp","href":"https:\/\/api.w.org\/{rel}","templated":true}]}}