{"id":1321,"date":"2015-04-24T23:04:44","date_gmt":"2015-04-24T21:04:44","guid":{"rendered":"http:\/\/santacruz-ic.com\/de\/?page_id=1321"},"modified":"2015-04-24T23:04:44","modified_gmt":"2015-04-24T21:04:44","slug":"expo-2000-hannover","status":"publish","type":"page","link":"http:\/\/santacruz-ic.com\/de\/projekte\/expo-2000-hannover\/","title":{"rendered":"EXPO 2000, Hannover"},"content":{"rendered":"<p>Sprecher des mexikanischen Pavillions, Verantwortlicher der Pressestelle und Veranstaltungsorganisation. W\u00e4hrend dieser Zeit erschienen 428 Artikel \u00fcber Mexiko in 96 deutschen Printmedien. Deutsche Fernsehsender verfassten 20 Berichte \u00fcber den Mexiko-Pavillion, insgesamt 109 Minuten Sendezeit. Es wurden elf Pressekonferenzen abgehalten und 21 Pressemitteilungen ver\u00f6ffentlicht. Vertreter von Medien aus 69 L\u00e4ndern weltweit besuchten den mexikanischen Pavillion.<\/p>\n","protected":false},"excerpt":{"rendered":"<p>Sprecher des mexikanischen Pavillions, Verantwortlicher der Pressestelle und Veranstaltungsorganisation. W\u00e4hrend dieser Zeit erschienen 428 Artikel \u00fcber Mexiko in 96 deutschen Printmedien. Deutsche Fernsehsender verfassten 20 Berichte \u00fcber den Mexiko-Pavillion, insgesamt 109 Minuten Sendezeit. Es wurden elf Pressekonferenzen abgehalten und 21 Pressemitteilungen ver\u00f6ffentlicht. Vertreter von Medien aus 69 L\u00e4ndern weltweit besuchten den mexikanischen Pavillion.<\/p>\n","protected":false},"author":4,"featured_media":0,"parent":31,"menu_order":16,"comment_status":"open","ping_status":"open","template":"","meta":[],"_links":{"self":[{"href":"http:\/\/santacruz-ic.com\/de\/wp-json\/wp\/v2\/pages\/1321"}],"collection":[{"href":"http:\/\/santacruz-ic.com\/de\/wp-json\/wp\/v2\/pages"}],"about":[{"href":"http:\/\/santacruz-ic.com\/de\/wp-json\/wp\/v2\/types\/page"}],"author":[{"embeddable":true,"href":"http:\/\/santacruz-ic.com\/de\/wp-json\/wp\/v2\/users\/4"}],"replies":[{"embeddable":true,"href":"http:\/\/santacruz-ic.com\/de\/wp-json\/wp\/v2\/comments?post=1321"}],"version-history":[{"count":1,"href":"http:\/\/santacruz-ic.com\/de\/wp-json\/wp\/v2\/pages\/1321\/revisions"}],"predecessor-version":[{"id":1322,"href":"http:\/\/santacruz-ic.com\/de\/wp-json\/wp\/v2\/pages\/1321\/revisions\/1322"}],"up":[{"embeddable":true,"href":"http:\/\/santacruz-ic.com\/de\/wp-json\/wp\/v2\/pages\/31"}],"wp:attachment":[{"href":"http:\/\/santacruz-ic.com\/de\/wp-json\/wp\/v2\/media?parent=1321"}],"curies":[{"name":"wp","href":"https:\/\/api.w.org\/{rel}","templated":true}]}}