{"id":1330,"date":"2015-05-04T21:36:18","date_gmt":"2015-05-04T19:36:18","guid":{"rendered":"http:\/\/santacruz-ic.com\/de\/?page_id=1330"},"modified":"2015-05-04T21:45:54","modified_gmt":"2015-05-04T19:45:54","slug":"internationale-kommunikation-und-pr","status":"publish","type":"page","link":"http:\/\/santacruz-ic.com\/de\/internationale-kommunikation-und-pr\/","title":{"rendered":"Internationale Kommunikation und PR"},"content":{"rendered":"<h2>Internationale Kommunikation und PR<\/h2>\n<h1 class=\"large bold\">Eine Botschaft.<br \/>Viele Welten.<\/h1>\n<p>Unsere Agentur f\u00fcr internationale Kommunikation mit Sitz in Berlin k\u00fcmmert sich nicht nur um die Erstellung von Inhalten rund um die Botschaft, die Sie als Einzelperson, Organisation oder Institution vermitteln m\u00f6chten. Wir setzen unsere internationale und interkulturelle Erfahrung und Expertise ein um ihre Botschaft so zu formulieren, dass sie in anderen Kontexten, L\u00e4ndern oder Sprachen klar und unmissverst\u00e4ndlich verstanden wird.\n<\/p>\n<p>\nWir arbeiten in allen Bereichen der Kommunikation und haben unterschiedlichste Herausforderungen in den Bereichen Wirtschaft, Politik, Kultur und Kunst gemeistert. Mit der Unterst\u00fctzung eines internationalen Netzwerkes von professionellen Partnern k\u00f6nnen wir jedes Projekt erfolgreich umsetzen, ob es sich nun um Image, Film, Fernsehen, Musik oder Mode handelt. Am Ende eines jeden Projektes steht ein ma\u00dfgeschneidertes Ergebnis. Seien es Publikationen, B\u00fccher, Videos, Pressemitteilungen, PR-Strategien, Pressekonzepte oder eine umfassende Beratung.\n<\/p>\n<h1>Unser Raum zum Nachdenken.<\/h1>\n<p>\nZus\u00e4tzlich zu unseren Projekten ver\u00f6ffentlichen wir zwei elektronische Zeitschriften: \u201eEncounters\u201d und \u201eOur World\u201d. Diese schaffen Raum f\u00fcr das Wissen und das Nachdenken. Sie bieten Autoren aus aller Welt die M\u00f6glichkeit, aktuelle Themen zu beleuchten.\n<\/p>\n<h1>Was ist kommunikativer Erfolg f\u00fcr uns?<\/h1>\n<p>\nSorgf\u00e4ltig erarbeitete Botschaften und klar definierte Inhalte erm\u00f6glichen unseren Kunden, erfolgreich \u00fcber Kulturen und L\u00e4ndergrenzen hinweg zu kommunizieren. Die urspr\u00fcngliche Idee, die vermittelt werden soll, wird von den Rezipienten ganz unabh\u00e4ngig von deren kultureller Zugeh\u00f6rigkeit verstanden. Nach erfolgreicher Umsetzung der Kommunikation k\u00f6nnen sich unsere Kunden ganz sicher sein, dass ihre Botschaft in all diesen unterschiedlichen Welten angekommen ist. Am Ende steht nicht mehr eine Botschaft und viele Welten, sondern\n<\/p>\n<p>&nbsp;<\/p>\n<h1 class=\"large bold\">Viele Welten:<br \/>eine Botschaft.<\/h1>\n<h2>Willkommen!<\/h2>\n","protected":false},"excerpt":{"rendered":"<p>Internationale Kommunikation und PR Eine Botschaft.Viele Welten. Unsere Agentur f\u00fcr internationale Kommunikation mit Sitz in Berlin k\u00fcmmert sich nicht nur um die Erstellung von Inhalten rund um die Botschaft, die Sie als Einzelperson, Organisation oder Institution vermitteln m\u00f6chten. Wir setzen unsere internationale und interkulturelle Erfahrung und Expertise ein um ihre Botschaft so zu formulieren, dass [&hellip;]<\/p>\n","protected":false},"author":4,"featured_media":0,"parent":0,"menu_order":0,"comment_status":"open","ping_status":"open","template":"page_no_title.php","meta":[],"_links":{"self":[{"href":"http:\/\/santacruz-ic.com\/de\/wp-json\/wp\/v2\/pages\/1330"}],"collection":[{"href":"http:\/\/santacruz-ic.com\/de\/wp-json\/wp\/v2\/pages"}],"about":[{"href":"http:\/\/santacruz-ic.com\/de\/wp-json\/wp\/v2\/types\/page"}],"author":[{"embeddable":true,"href":"http:\/\/santacruz-ic.com\/de\/wp-json\/wp\/v2\/users\/4"}],"replies":[{"embeddable":true,"href":"http:\/\/santacruz-ic.com\/de\/wp-json\/wp\/v2\/comments?post=1330"}],"version-history":[{"count":11,"href":"http:\/\/santacruz-ic.com\/de\/wp-json\/wp\/v2\/pages\/1330\/revisions"}],"predecessor-version":[{"id":1342,"href":"http:\/\/santacruz-ic.com\/de\/wp-json\/wp\/v2\/pages\/1330\/revisions\/1342"}],"wp:attachment":[{"href":"http:\/\/santacruz-ic.com\/de\/wp-json\/wp\/v2\/media?parent=1330"}],"curies":[{"name":"wp","href":"https:\/\/api.w.org\/{rel}","templated":true}]}}