{"id":33,"date":"2013-03-12T14:56:02","date_gmt":"2013-03-12T12:56:02","guid":{"rendered":"http:\/\/sic.sevenminds.de\/de\/?page_id=33"},"modified":"2016-01-19T10:19:13","modified_gmt":"2016-01-19T09:19:13","slug":"dr-lino-santacruz-moctezuma","status":"publish","type":"page","link":"http:\/\/santacruz-ic.com\/de\/dr-lino-santacruz-moctezuma\/","title":{"rendered":"Vita"},"content":{"rendered":"<h1>Dr. Lino Santacruz Moctezuma<\/h1>\n<p>1966 in Mexico-Stadt geboren. Studium der Kommunikationswissenschaften an der Universidad Iberoamericana in Mexico-Stadt, Magister in Mass Communication der Universit\u00e4t Leicester, Gro\u00dfbritannien, Diplomatic Studies am IMRED des mexikanischen Au\u00dfenministeriums und Ph.D. in Mass Communication der Universit\u00e4t Leicester.<\/p>\n<p>Dozent f\u00fcr Kommunikationswissenschaft auf Bachelor- und Master-Niveau sowie Koordinator f\u00fcr diesen Studiengang an der Universidad Iberoamericana. Dozent und Lehrbeauftragter f\u00fcr Internationale Kommunikation an anderen akademischen Einrichtungen in Mexiko. Autor des Buches &#8222;Comunicaci\u00f3n Satelital y Desarollo&#8220; (1993), sowie Co-Autor verschiedener B\u00fccher und Artikel in Fachzeitschriften. \u00dcbersetzung von B\u00fcchern zu Kommunikation und Marketing ins Spanische sowie Untertitelung Dutzender deutscher und englischer Fernsehsendungen f\u00fcr spanisch-sprachiges Publikum. <\/p>\n<p>Ausbildung und Berufserfahrung in verschiedenen Bereichen des Sistema de Informaci\u00f3n Log\u00edstica des mexikanischen Unternehmens Televisa, f\u00fcr das er am Ende als Operations Coordinator arbeitete. T\u00e4tigkeit in der Werbeabteilung des mexikanischen Satelliten-Telekommunikationsunternehmens Telecomunicaciones de Mexico und einem Projekt zur Glasfaserkommunikation als Teil des Entwicklungsprogramms der Vereinten Nationen (UNDP) f\u00fcr das mexikanische Au\u00dfenministerium.<\/p>\n<p>Diplomatischer Dienst, Mitglied der mexikanischen Ausw\u00e4rtigen Dienstes bis 2012. Zwischen 1994 und 2009 T\u00e4tigkeit in den Bereichen Telekommunikation und Kultur des mexikanischen Au\u00dfenministeriums. Beigeordneter Konsul beim Generalkonsulat von Mexiko in Frankfurt am Main. Arbeit im Bereich Kultur, Menschenrechte, Au\u00dfenpolitik und Presse in der Botschaft von Mexiko in Bonn und Berlin. Leiter der Presseabteilung im Generalkonsulat von Mexiko in Chicago, Illinois, USA.<\/p>\n<p>Anschlie\u00dfend freiberufliche Arbeit in Berlin. Mittelpunkt dieser freiberuflichen Arbeit ist die Beratung des Bereichs Internationale Kommunikation der Autostadt, Kommunikationsplattform des Volkswagen Konzerns in Wolfsburg. Des Weiteren \u00dcbersetzer, Sprecher und Produzent f\u00fcr den Servicio en Espa\u00f1ol der Rundfunkanstalt Deutsche Welle. Santacruz International Communication ist das sorgf\u00e4ltig erarbeitete Ergebnis dieser j\u00fcngsten beruflichen Etappe.<\/p>\n<p>Dr. Santacruz ist Mitglied der International Association for Media and Communication Research (IAMCR), im Deutschen Journalistenverbands (DJV) sowie Ehrenpr\u00e4sident des Verbandes der in Berlin akkreditierten Presse-Attach\u00e9s.<\/p>\n","protected":false},"excerpt":{"rendered":"<p>Dr. Lino Santacruz Moctezuma 1966 in Mexico-Stadt geboren. Studium der Kommunikationswissenschaften an der Universidad Iberoamericana in Mexico-Stadt, Magister in Mass Communication der Universit\u00e4t Leicester, Gro\u00dfbritannien, Diplomatic Studies am IMRED des mexikanischen Au\u00dfenministeriums und Ph.D. in Mass Communication der Universit\u00e4t Leicester. Dozent f\u00fcr Kommunikationswissenschaft auf Bachelor- und Master-Niveau sowie Koordinator f\u00fcr diesen Studiengang an der Universidad [&hellip;]<\/p>\n","protected":false},"author":1,"featured_media":70,"parent":0,"menu_order":0,"comment_status":"closed","ping_status":"closed","template":"page.php","meta":[],"_links":{"self":[{"href":"http:\/\/santacruz-ic.com\/de\/wp-json\/wp\/v2\/pages\/33"}],"collection":[{"href":"http:\/\/santacruz-ic.com\/de\/wp-json\/wp\/v2\/pages"}],"about":[{"href":"http:\/\/santacruz-ic.com\/de\/wp-json\/wp\/v2\/types\/page"}],"author":[{"embeddable":true,"href":"http:\/\/santacruz-ic.com\/de\/wp-json\/wp\/v2\/users\/1"}],"replies":[{"embeddable":true,"href":"http:\/\/santacruz-ic.com\/de\/wp-json\/wp\/v2\/comments?post=33"}],"version-history":[{"count":14,"href":"http:\/\/santacruz-ic.com\/de\/wp-json\/wp\/v2\/pages\/33\/revisions"}],"predecessor-version":[{"id":1349,"href":"http:\/\/santacruz-ic.com\/de\/wp-json\/wp\/v2\/pages\/33\/revisions\/1349"}],"wp:featuredmedia":[{"embeddable":true,"href":"http:\/\/santacruz-ic.com\/de\/wp-json\/wp\/v2\/media\/70"}],"wp:attachment":[{"href":"http:\/\/santacruz-ic.com\/de\/wp-json\/wp\/v2\/media?parent=33"}],"curies":[{"name":"wp","href":"https:\/\/api.w.org\/{rel}","templated":true}]}}