{"id":1102,"date":"2015-04-24T23:20:22","date_gmt":"2015-04-24T21:20:22","guid":{"rendered":"http:\/\/santacruz-ic.com\/en\/?page_id=1102"},"modified":"2015-04-24T23:20:22","modified_gmt":"2015-04-24T21:20:22","slug":"mexico-siempre-mexico","status":"publish","type":"page","link":"http:\/\/santacruz-ic.com\/en\/projects\/mexico-siempre-mexico\/","title":{"rendered":"M\u00e9xico, siempre M\u00e9xico"},"content":{"rendered":"<p>Concept and realization of the fashion show &#8220;M\u00e9xico, Siempre M\u00e9xico&#8221; with the Mexican designer Armando Mafud. Musical program performed by Voz en Punto. Organized for Mexican Independence Day in 2004 in Berlin. Attended by 400 guests.<\/p>\n\n<div class=\"flexslider ssp_slider_default\" id=\"slider_676\" data-slider_id=\"676\" data-slider_options=\"{&quot;animation&quot;:&quot;slide&quot;,&quot;slideshow&quot;:true,&quot;h_responsive&quot;:false,&quot;height&quot;:&quot;338&quot;,&quot;w_responsive&quot;:false,&quot;width&quot;:&quot;507&quot;,&quot;direction&quot;:&quot;horizontal&quot;,&quot;cycle_speed&quot;:&quot;5&quot;,&quot;animation_speed&quot;:&quot;0.6&quot;,&quot;control_nav&quot;:true,&quot;direction_nav&quot;:true,&quot;keyboard_nav&quot;:true,&quot;touch_nav&quot;:true,&quot;pause_on_hover&quot;:true,&quot;caption_box&quot;:false,&quot;linkable&quot;:false,&quot;thumbnail_navigation&quot;:false}\">\n\n<ul class=\"slides ssp_slider wsp_default_skin\">\n\n  <li class=\"slide\" data-thumb=\"http:\/\/santacruz-ic.com\/en\/wp-content\/uploads\/sites\/3\/2013\/03\/mafud_1-300x200.jpg\">\n\n        \n                  <img alt=\"\" class=\"slide_image\" src=\"http:\/\/santacruz-ic.com\/en\/wp-content\/uploads\/sites\/3\/2013\/03\/mafud_1.jpg\" \/>\n          \n    \n    \n  <\/li>\n  <li class=\"slide\" data-thumb=\"http:\/\/santacruz-ic.com\/en\/wp-content\/uploads\/sites\/3\/2013\/03\/mafud_2-300x200.jpg\">\n\n        \n                  <img alt=\"\" class=\"slide_image\" src=\"http:\/\/santacruz-ic.com\/en\/wp-content\/uploads\/sites\/3\/2013\/03\/mafud_2.jpg\" \/>\n          \n    \n    \n  <\/li>\n\n<\/ul>\n\n<\/div>\n","protected":false},"excerpt":{"rendered":"<p>Concept and realization of the fashion show &#8220;M\u00e9xico, Siempre M\u00e9xico&#8221; with the Mexican designer Armando Mafud. Musical program performed by Voz en Punto. Organized for Mexican Independence Day in 2004 in Berlin. Attended by 400 guests.<\/p>\n","protected":false},"author":4,"featured_media":0,"parent":16,"menu_order":16,"comment_status":"open","ping_status":"open","template":"","meta":[],"_links":{"self":[{"href":"http:\/\/santacruz-ic.com\/en\/wp-json\/wp\/v2\/pages\/1102"}],"collection":[{"href":"http:\/\/santacruz-ic.com\/en\/wp-json\/wp\/v2\/pages"}],"about":[{"href":"http:\/\/santacruz-ic.com\/en\/wp-json\/wp\/v2\/types\/page"}],"author":[{"embeddable":true,"href":"http:\/\/santacruz-ic.com\/en\/wp-json\/wp\/v2\/users\/4"}],"replies":[{"embeddable":true,"href":"http:\/\/santacruz-ic.com\/en\/wp-json\/wp\/v2\/comments?post=1102"}],"version-history":[{"count":1,"href":"http:\/\/santacruz-ic.com\/en\/wp-json\/wp\/v2\/pages\/1102\/revisions"}],"predecessor-version":[{"id":1103,"href":"http:\/\/santacruz-ic.com\/en\/wp-json\/wp\/v2\/pages\/1102\/revisions\/1103"}],"up":[{"embeddable":true,"href":"http:\/\/santacruz-ic.com\/en\/wp-json\/wp\/v2\/pages\/16"}],"wp:attachment":[{"href":"http:\/\/santacruz-ic.com\/en\/wp-json\/wp\/v2\/media?parent=1102"}],"curies":[{"name":"wp","href":"https:\/\/api.w.org\/{rel}","templated":true}]}}