{"id":1121,"date":"2015-04-16T23:58:53","date_gmt":"2015-04-16T23:58:53","guid":{"rendered":"http:\/\/santacruz-ic.com\/es\/?page_id=1121"},"modified":"2015-07-17T10:00:59","modified_gmt":"2015-07-17T08:00:59","slug":"home","status":"publish","type":"page","link":"http:\/\/santacruz-ic.com\/es\/","title":{"rendered":"Home"},"content":{"rendered":"<h2>Comunicaci\u00f3n Internacional y Relaciones P\u00fablicas<\/h2>\n<h1 class=\"large bold\">Un mensaje.<br \/>Muchos mundos.<\/h1>\n<p>\nNuestra agencia de comunicaci\u00f3n internacional establecida en Berl\u00edn le ayuda no solo a generar el contenido del mensaje que necesita transmitir como individuo, organizaci\u00f3n o instituci\u00f3n, sino que hace uso de su  experiencia internacional e intercultural para adaptar ese mensaje a fin de que se entienda claramente en contextos, pa\u00edses o idiomas diferentes a aqu\u00e9llos en los que fue creado. <a href=\"http:\/\/santacruz-ic.com\/es\/comunicacion-internacional-y-relaciones-publicas\/\" title=\"Comunicaci\u00f3n Internacional y Relaciones P\u00fablicas.\">M\u00e1s<\/a><\/p>\n","protected":false},"excerpt":{"rendered":"<p>Comunicaci\u00f3n Internacional y Relaciones P\u00fablicas Un mensaje.Muchos mundos. Nuestra agencia de comunicaci\u00f3n internacional establecida en Berl\u00edn le ayuda no solo a generar el contenido del mensaje que necesita transmitir como individuo, organizaci\u00f3n o instituci\u00f3n, sino que hace uso de su experiencia internacional e intercultural para adaptar ese mensaje a fin de que se entienda claramente [&hellip;]<\/p>\n","protected":false},"author":4,"featured_media":0,"parent":0,"menu_order":0,"comment_status":"open","ping_status":"open","template":"page_no_title.php","meta":[],"_links":{"self":[{"href":"http:\/\/santacruz-ic.com\/es\/wp-json\/wp\/v2\/pages\/1121"}],"collection":[{"href":"http:\/\/santacruz-ic.com\/es\/wp-json\/wp\/v2\/pages"}],"about":[{"href":"http:\/\/santacruz-ic.com\/es\/wp-json\/wp\/v2\/types\/page"}],"author":[{"embeddable":true,"href":"http:\/\/santacruz-ic.com\/es\/wp-json\/wp\/v2\/users\/4"}],"replies":[{"embeddable":true,"href":"http:\/\/santacruz-ic.com\/es\/wp-json\/wp\/v2\/comments?post=1121"}],"version-history":[{"count":10,"href":"http:\/\/santacruz-ic.com\/es\/wp-json\/wp\/v2\/pages\/1121\/revisions"}],"predecessor-version":[{"id":1192,"href":"http:\/\/santacruz-ic.com\/es\/wp-json\/wp\/v2\/pages\/1121\/revisions\/1192"}],"wp:attachment":[{"href":"http:\/\/santacruz-ic.com\/es\/wp-json\/wp\/v2\/media?parent=1121"}],"curies":[{"name":"wp","href":"https:\/\/api.w.org\/{rel}","templated":true}]}}