{"id":1148,"date":"2015-04-24T23:26:43","date_gmt":"2015-04-24T21:26:43","guid":{"rendered":"http:\/\/santacruz-ic.com\/es\/?page_id=1148"},"modified":"2015-04-24T23:26:48","modified_gmt":"2015-04-24T21:26:48","slug":"ano-dual-mexico-alemania","status":"publish","type":"page","link":"http:\/\/santacruz-ic.com\/es\/proyectos\/ano-dual-mexico-alemania\/","title":{"rendered":"A\u00f1o Dual M\u00e9xico-Alemania"},"content":{"rendered":"<p>Dos proyectos literarios con motivo del A\u00f1o Dual M\u00e9xico Alemania 2016-2017. Un proyecto presentar\u00e1 a autores mexicanos y el otro una obra alemana. Ambas obras ser\u00e1n ilustradas. El objetivo: la publicaci\u00f3n biling\u00fce de la obra impresa y en audio en 2016.<\/p>\n","protected":false},"excerpt":{"rendered":"<p>Dos proyectos literarios con motivo del A\u00f1o Dual M\u00e9xico Alemania 2016-2017. Un proyecto presentar\u00e1 a autores mexicanos y el otro una obra alemana. Ambas obras ser\u00e1n ilustradas. El objetivo: la publicaci\u00f3n biling\u00fce de la obra impresa y en audio en 2016.<\/p>\n","protected":false},"author":4,"featured_media":0,"parent":35,"menu_order":3,"comment_status":"open","ping_status":"open","template":"","meta":[],"_links":{"self":[{"href":"http:\/\/santacruz-ic.com\/es\/wp-json\/wp\/v2\/pages\/1148"}],"collection":[{"href":"http:\/\/santacruz-ic.com\/es\/wp-json\/wp\/v2\/pages"}],"about":[{"href":"http:\/\/santacruz-ic.com\/es\/wp-json\/wp\/v2\/types\/page"}],"author":[{"embeddable":true,"href":"http:\/\/santacruz-ic.com\/es\/wp-json\/wp\/v2\/users\/4"}],"replies":[{"embeddable":true,"href":"http:\/\/santacruz-ic.com\/es\/wp-json\/wp\/v2\/comments?post=1148"}],"version-history":[{"count":1,"href":"http:\/\/santacruz-ic.com\/es\/wp-json\/wp\/v2\/pages\/1148\/revisions"}],"predecessor-version":[{"id":1149,"href":"http:\/\/santacruz-ic.com\/es\/wp-json\/wp\/v2\/pages\/1148\/revisions\/1149"}],"up":[{"embeddable":true,"href":"http:\/\/santacruz-ic.com\/es\/wp-json\/wp\/v2\/pages\/35"}],"wp:attachment":[{"href":"http:\/\/santacruz-ic.com\/es\/wp-json\/wp\/v2\/media?parent=1148"}],"curies":[{"name":"wp","href":"https:\/\/api.w.org\/{rel}","templated":true}]}}