{"id":1152,"date":"2015-04-24T23:28:25","date_gmt":"2015-04-24T21:28:25","guid":{"rendered":"http:\/\/santacruz-ic.com\/es\/?page_id=1152"},"modified":"2015-04-24T23:28:37","modified_gmt":"2015-04-24T21:28:37","slug":"el-polvo-de-los-antepasados","status":"publish","type":"page","link":"http:\/\/santacruz-ic.com\/es\/proyectos\/el-polvo-de-los-antepasados\/","title":{"rendered":"El Polvo de los Antepasados"},"content":{"rendered":"<p>Exposici\u00f3n temporal copatrocinada por Santacruz International Communication en el Museo de Arte Popular de la Ciudad de M\u00e9xico del 25 de octubre de 2014 al 22 de febrero de 2015.<\/p>\n<p>El cortometraje de animaci\u00f3n \u2018Peyotl\u2019, basado en la novela gr\u00e1fica &#8216;El polvo de los antepasados&#8217;, cuenta la historia de la muerte del escultor de m\u00e1scaras Jos\u00e9 Guadalupe Reyes, quien pierde la vida durante un ritual con peyote a finales del siglo XIX en el desierto del altiplano colonial de M\u00e9xico.<\/p>\n<p><iframe loading=\"lazy\" src=\"\/\/player.vimeo.com\/video\/112914510\" width=\"500\" height=\"281\" frameborder=\"0\" webkitallowfullscreen mozallowfullscreen allowfullscreen><\/iframe><\/p>\n\n<div class=\"flexslider ssp_slider_default\" id=\"slider_955\" data-slider_id=\"955\" data-slider_options=\"{&quot;animation&quot;:&quot;slide&quot;,&quot;slideshow&quot;:true,&quot;h_responsive&quot;:false,&quot;height&quot;:&quot;&quot;,&quot;w_responsive&quot;:false,&quot;width&quot;:&quot;507&quot;,&quot;direction&quot;:&quot;horizontal&quot;,&quot;cycle_speed&quot;:&quot;5&quot;,&quot;animation_speed&quot;:&quot;0.6&quot;,&quot;control_nav&quot;:true,&quot;direction_nav&quot;:true,&quot;keyboard_nav&quot;:true,&quot;touch_nav&quot;:true,&quot;pause_on_hover&quot;:true,&quot;caption_box&quot;:false,&quot;linkable&quot;:false,&quot;thumbnail_navigation&quot;:false}\">\n\n<ul class=\"slides ssp_slider wsp_default_skin\">\n\n  <li class=\"slide\" data-thumb=\"http:\/\/santacruz-ic.com\/es\/wp-content\/uploads\/sites\/4\/2014\/12\/pestemer_11-224x300.jpg\">\n\n        \n                  <img alt=\"\" class=\"slide_image\" src=\"http:\/\/santacruz-ic.com\/es\/wp-content\/uploads\/sites\/4\/2014\/12\/pestemer_11.jpg\" \/>\n          \n    \n    \n  <\/li>\n  <li class=\"slide\" data-thumb=\"http:\/\/santacruz-ic.com\/es\/wp-content\/uploads\/sites\/4\/2014\/12\/pestemer_2-193x300.jpg\">\n\n        \n                  <img alt=\"\" class=\"slide_image\" src=\"http:\/\/santacruz-ic.com\/es\/wp-content\/uploads\/sites\/4\/2014\/12\/pestemer_2.jpg\" \/>\n          \n    \n    \n  <\/li>\n  <li class=\"slide\" data-thumb=\"http:\/\/santacruz-ic.com\/es\/wp-content\/uploads\/sites\/4\/2014\/12\/pestemer_3-300x131.jpg\">\n\n        \n                  <img alt=\"\" class=\"slide_image\" src=\"http:\/\/santacruz-ic.com\/es\/wp-content\/uploads\/sites\/4\/2014\/12\/pestemer_3.jpg\" \/>\n          \n    \n    \n  <\/li>\n\n<\/ul>\n\n<\/div>\n<p>Animaci\u00f3n: Max von Bock<br \/>\nSonido y m\u00fasica: Tim Kroker<br \/>\nHistoria y dibujos: Felix Pestemer<br \/>\nTraducci\u00f3n: Alejandra Ayala Leal<br \/>\nLocutores:<br \/>\nDon Reyes &#8211; Lino Santacruz Moctezuma<br \/>\nJuanito &#8211; Fabi\u00e1n Garc\u00eda Herrera<\/p>\n<p>Museo de Arte Popular<br \/>\nExposici\u00f3n Temporal<br \/>\n&#8216;El polvo de los antepasados &#8211; Felix Pestemer&#8217;<br \/>\n25 de Octubre 2014 &#8211; 22 Febrero 2015<br \/>\nRevillagigedo No.11 esq. Independencia<br \/>\nCentro Historico de la Ciudad de M\u00e9xico<\/p>\n<p>&#8216;El polvo de los antepasados&#8217;<br \/>\n\u00a9 Museo de Arte Popular, M\u00e9xico D.F. 2014<br \/>\nCat\u00e1lalogo, 104 p\u00e1ginas, 23,5 x 31,5 cm<br \/>\nISBN 978-6077611639<\/p>\n<p>\u00a9 Editorial La C\u00fapula, Barcelona 2012<br \/>\nHardcover, 96 p\u00e1ginas, 21,5 x 28 cm<br \/>\nISBN 978-8478339945<\/p>\n","protected":false},"excerpt":{"rendered":"<p>Exposici\u00f3n temporal copatrocinada por Santacruz International Communication en el Museo de Arte Popular de la Ciudad de M\u00e9xico del 25 de octubre de 2014 al 22 de febrero de 2015. El cortometraje de animaci\u00f3n \u2018Peyotl\u2019, basado en la novela gr\u00e1fica &#8216;El polvo de los antepasados&#8217;, cuenta la historia de la muerte del escultor de m\u00e1scaras [&hellip;]<\/p>\n","protected":false},"author":4,"featured_media":0,"parent":35,"menu_order":5,"comment_status":"open","ping_status":"open","template":"","meta":[],"_links":{"self":[{"href":"http:\/\/santacruz-ic.com\/es\/wp-json\/wp\/v2\/pages\/1152"}],"collection":[{"href":"http:\/\/santacruz-ic.com\/es\/wp-json\/wp\/v2\/pages"}],"about":[{"href":"http:\/\/santacruz-ic.com\/es\/wp-json\/wp\/v2\/types\/page"}],"author":[{"embeddable":true,"href":"http:\/\/santacruz-ic.com\/es\/wp-json\/wp\/v2\/users\/4"}],"replies":[{"embeddable":true,"href":"http:\/\/santacruz-ic.com\/es\/wp-json\/wp\/v2\/comments?post=1152"}],"version-history":[{"count":2,"href":"http:\/\/santacruz-ic.com\/es\/wp-json\/wp\/v2\/pages\/1152\/revisions"}],"predecessor-version":[{"id":1154,"href":"http:\/\/santacruz-ic.com\/es\/wp-json\/wp\/v2\/pages\/1152\/revisions\/1154"}],"up":[{"embeddable":true,"href":"http:\/\/santacruz-ic.com\/es\/wp-json\/wp\/v2\/pages\/35"}],"wp:attachment":[{"href":"http:\/\/santacruz-ic.com\/es\/wp-json\/wp\/v2\/media?parent=1152"}],"curies":[{"name":"wp","href":"https:\/\/api.w.org\/{rel}","templated":true}]}}