{"id":1155,"date":"2015-04-24T23:30:06","date_gmt":"2015-04-24T21:30:06","guid":{"rendered":"http:\/\/santacruz-ic.com\/es\/?page_id=1155"},"modified":"2015-04-24T23:30:12","modified_gmt":"2015-04-24T21:30:12","slug":"iluminando-a-mexico-zum-ausmalen","status":"publish","type":"page","link":"http:\/\/santacruz-ic.com\/es\/proyectos\/iluminando-a-mexico-zum-ausmalen\/","title":{"rendered":"Iluminando a\u2026 <br> M\u00e9xico zum Ausmalen"},"content":{"rendered":"<p>Patrocinio para la publicaci\u00f3n del libro para colorear \u201cIluminando a\u2026 M\u00e9xico zum Ausmalen\u201d, editado por la Embajada de M\u00e9xico en Berl\u00edn para ampliar los conocimientos y cultura de este pa\u00eds entre la poblaci\u00f3n infantil de Alemania.<\/p>\n\n<div class=\"flexslider ssp_slider_default\" id=\"slider_829\" data-slider_id=\"829\" data-slider_options=\"{&quot;animation&quot;:&quot;slide&quot;,&quot;slideshow&quot;:true,&quot;h_responsive&quot;:false,&quot;height&quot;:&quot;338&quot;,&quot;w_responsive&quot;:false,&quot;width&quot;:&quot;507&quot;,&quot;direction&quot;:&quot;horizontal&quot;,&quot;cycle_speed&quot;:&quot;5&quot;,&quot;animation_speed&quot;:&quot;0.6&quot;,&quot;control_nav&quot;:true,&quot;direction_nav&quot;:true,&quot;keyboard_nav&quot;:true,&quot;touch_nav&quot;:true,&quot;pause_on_hover&quot;:true,&quot;caption_box&quot;:false,&quot;linkable&quot;:false,&quot;thumbnail_navigation&quot;:false}\">\n\n<ul class=\"slides ssp_slider wsp_default_skin\">\n\n  <li class=\"slide\" data-thumb=\"http:\/\/santacruz-ic.com\/es\/wp-content\/uploads\/sites\/4\/2014\/07\/mexico_paintbook_01-300x200.jpg\">\n\n        \n                  <img alt=\"\" class=\"slide_image\" src=\"http:\/\/santacruz-ic.com\/es\/wp-content\/uploads\/sites\/4\/2014\/07\/mexico_paintbook_01.jpg\" \/>\n          \n    \n    \n  <\/li>\n  <li class=\"slide\" data-thumb=\"http:\/\/santacruz-ic.com\/es\/wp-content\/uploads\/sites\/4\/2014\/07\/mexico_paintbook_02-300x200.jpg\">\n\n        \n                  <img alt=\"\" class=\"slide_image\" src=\"http:\/\/santacruz-ic.com\/es\/wp-content\/uploads\/sites\/4\/2014\/07\/mexico_paintbook_02.jpg\" \/>\n          \n    \n    \n  <\/li>\n  <li class=\"slide\" data-thumb=\"http:\/\/santacruz-ic.com\/es\/wp-content\/uploads\/sites\/4\/2014\/07\/mexico_paintbook_03-300x200.jpg\">\n\n        \n                  <img alt=\"\" class=\"slide_image\" src=\"http:\/\/santacruz-ic.com\/es\/wp-content\/uploads\/sites\/4\/2014\/07\/mexico_paintbook_03.jpg\" \/>\n          \n    \n    \n  <\/li>\n  <li class=\"slide\" data-thumb=\"http:\/\/santacruz-ic.com\/es\/wp-content\/uploads\/sites\/4\/2014\/07\/mexico_paintbook_04-300x200.jpg\">\n\n        \n                  <img alt=\"\" class=\"slide_image\" src=\"http:\/\/santacruz-ic.com\/es\/wp-content\/uploads\/sites\/4\/2014\/07\/mexico_paintbook_04.jpg\" \/>\n          \n    \n    \n  <\/li>\n\n<\/ul>\n\n<\/div>\n","protected":false},"excerpt":{"rendered":"<p>Patrocinio para la publicaci\u00f3n del libro para colorear \u201cIluminando a\u2026 M\u00e9xico zum Ausmalen\u201d, editado por la Embajada de M\u00e9xico en Berl\u00edn para ampliar los conocimientos y cultura de este pa\u00eds entre la poblaci\u00f3n infantil de Alemania.<\/p>\n","protected":false},"author":4,"featured_media":0,"parent":35,"menu_order":6,"comment_status":"open","ping_status":"open","template":"","meta":[],"_links":{"self":[{"href":"http:\/\/santacruz-ic.com\/es\/wp-json\/wp\/v2\/pages\/1155"}],"collection":[{"href":"http:\/\/santacruz-ic.com\/es\/wp-json\/wp\/v2\/pages"}],"about":[{"href":"http:\/\/santacruz-ic.com\/es\/wp-json\/wp\/v2\/types\/page"}],"author":[{"embeddable":true,"href":"http:\/\/santacruz-ic.com\/es\/wp-json\/wp\/v2\/users\/4"}],"replies":[{"embeddable":true,"href":"http:\/\/santacruz-ic.com\/es\/wp-json\/wp\/v2\/comments?post=1155"}],"version-history":[{"count":1,"href":"http:\/\/santacruz-ic.com\/es\/wp-json\/wp\/v2\/pages\/1155\/revisions"}],"predecessor-version":[{"id":1156,"href":"http:\/\/santacruz-ic.com\/es\/wp-json\/wp\/v2\/pages\/1155\/revisions\/1156"}],"up":[{"embeddable":true,"href":"http:\/\/santacruz-ic.com\/es\/wp-json\/wp\/v2\/pages\/35"}],"wp:attachment":[{"href":"http:\/\/santacruz-ic.com\/es\/wp-json\/wp\/v2\/media?parent=1155"}],"curies":[{"name":"wp","href":"https:\/\/api.w.org\/{rel}","templated":true}]}}