{"id":1157,"date":"2015-04-24T23:30:45","date_gmt":"2015-04-24T21:30:45","guid":{"rendered":"http:\/\/santacruz-ic.com\/es\/?page_id=1157"},"modified":"2015-04-24T23:30:48","modified_gmt":"2015-04-24T21:30:48","slug":"euvox-2","status":"publish","type":"page","link":"http:\/\/santacruz-ic.com\/es\/proyectos\/euvox-2\/","title":{"rendered":"Euvox"},"content":{"rendered":"<p>Responsable de comunicaci\u00f3n para la introducci\u00f3n de la aplicaci\u00f3n electoral (voting advice application) EUVOX 2014 con miras a las elecciones parlamentarias europeas de mayo de 2014. Estrategia de presentaci\u00f3n en Alemania, organizaci\u00f3n de la conferencia de prensa y difusi\u00f3n de la aplicaci\u00f3n. <\/p>\n<p><img loading=\"lazy\" src=\"http:\/\/santacruz-ic.com\/es\/wp-content\/uploads\/sites\/4\/2013\/03\/euvox.jpg\" alt=\"euvox\" width=\"507\" height=\"183\" class=\"alignnone size-full wp-image-948\" \/><\/p>\n","protected":false},"excerpt":{"rendered":"<p>Responsable de comunicaci\u00f3n para la introducci\u00f3n de la aplicaci\u00f3n electoral (voting advice application) EUVOX 2014 con miras a las elecciones parlamentarias europeas de mayo de 2014. Estrategia de presentaci\u00f3n en Alemania, organizaci\u00f3n de la conferencia de prensa y difusi\u00f3n de la aplicaci\u00f3n.<\/p>\n","protected":false},"author":4,"featured_media":0,"parent":35,"menu_order":7,"comment_status":"open","ping_status":"open","template":"","meta":[],"_links":{"self":[{"href":"http:\/\/santacruz-ic.com\/es\/wp-json\/wp\/v2\/pages\/1157"}],"collection":[{"href":"http:\/\/santacruz-ic.com\/es\/wp-json\/wp\/v2\/pages"}],"about":[{"href":"http:\/\/santacruz-ic.com\/es\/wp-json\/wp\/v2\/types\/page"}],"author":[{"embeddable":true,"href":"http:\/\/santacruz-ic.com\/es\/wp-json\/wp\/v2\/users\/4"}],"replies":[{"embeddable":true,"href":"http:\/\/santacruz-ic.com\/es\/wp-json\/wp\/v2\/comments?post=1157"}],"version-history":[{"count":1,"href":"http:\/\/santacruz-ic.com\/es\/wp-json\/wp\/v2\/pages\/1157\/revisions"}],"predecessor-version":[{"id":1158,"href":"http:\/\/santacruz-ic.com\/es\/wp-json\/wp\/v2\/pages\/1157\/revisions\/1158"}],"up":[{"embeddable":true,"href":"http:\/\/santacruz-ic.com\/es\/wp-json\/wp\/v2\/pages\/35"}],"wp:attachment":[{"href":"http:\/\/santacruz-ic.com\/es\/wp-json\/wp\/v2\/media?parent=1157"}],"curies":[{"name":"wp","href":"https:\/\/api.w.org\/{rel}","templated":true}]}}