{"id":1161,"date":"2015-04-24T23:32:04","date_gmt":"2015-04-24T21:32:04","guid":{"rendered":"http:\/\/santacruz-ic.com\/es\/?page_id=1161"},"modified":"2015-04-24T23:32:07","modified_gmt":"2015-04-24T21:32:07","slug":"renatta-pruneda","status":"publish","type":"page","link":"http:\/\/santacruz-ic.com\/es\/proyectos\/renatta-pruneda\/","title":{"rendered":"Renatta Pruneda"},"content":{"rendered":"<p>Desfile de moda de la dise\u00f1adora mexicana Renatta Pruneda en el marco del Lavera Showfloor en la Berlin Fashion Week el 4 de julio de 2013 en Berl\u00edn.  Comunicaci\u00f3n del evento: redacci\u00f3n, dise\u00f1o  y env\u00edo de invitaciones y hand-out, adaptaci\u00f3n del logotipo de la marca, env\u00edo y organizaci\u00f3n de la lista de invitados y contacto con la firma organizadora, fotograf\u00eda y video del evento.<\/p>\n\n<div class=\"flexslider ssp_slider_default\" id=\"slider_642\" data-slider_id=\"642\" data-slider_options=\"{&quot;animation&quot;:&quot;slide&quot;,&quot;slideshow&quot;:true,&quot;h_responsive&quot;:false,&quot;height&quot;:&quot;338&quot;,&quot;w_responsive&quot;:false,&quot;width&quot;:&quot;507&quot;,&quot;direction&quot;:&quot;horizontal&quot;,&quot;cycle_speed&quot;:&quot;5&quot;,&quot;animation_speed&quot;:&quot;0.6&quot;,&quot;control_nav&quot;:true,&quot;direction_nav&quot;:true,&quot;keyboard_nav&quot;:true,&quot;touch_nav&quot;:true,&quot;pause_on_hover&quot;:true,&quot;caption_box&quot;:false,&quot;linkable&quot;:false,&quot;thumbnail_navigation&quot;:false}\">\n\n<ul class=\"slides ssp_slider wsp_default_skin\">\n\n  <li class=\"slide\" data-thumb=\"http:\/\/santacruz-ic.com\/es\/wp-content\/uploads\/sites\/4\/2013\/03\/pruneda_1-300x200.jpg\">\n\n        \n                  <img alt=\"\" class=\"slide_image\" src=\"http:\/\/santacruz-ic.com\/es\/wp-content\/uploads\/sites\/4\/2013\/03\/pruneda_1.jpg\" \/>\n          \n    \n    \n  <\/li>\n  <li class=\"slide\" data-thumb=\"http:\/\/santacruz-ic.com\/es\/wp-content\/uploads\/sites\/4\/2013\/03\/pruneda_2-300x200.jpg\">\n\n        \n                  <img alt=\"\" class=\"slide_image\" src=\"http:\/\/santacruz-ic.com\/es\/wp-content\/uploads\/sites\/4\/2013\/03\/pruneda_2.jpg\" \/>\n          \n    \n    \n  <\/li>\n  <li class=\"slide\" data-thumb=\"http:\/\/santacruz-ic.com\/es\/wp-content\/uploads\/sites\/4\/2013\/03\/pruneda_3-300x200.jpg\">\n\n        \n                  <img alt=\"\" class=\"slide_image\" src=\"http:\/\/santacruz-ic.com\/es\/wp-content\/uploads\/sites\/4\/2013\/03\/pruneda_3.jpg\" \/>\n          \n    \n    \n  <\/li>\n\n<\/ul>\n\n<\/div>\n<p><iframe loading=\"lazy\" src=\"\/\/player.vimeo.com\/video\/75528970\" width=\"500\" height=\"375\" frameborder=\"0\" webkitallowfullscreen mozallowfullscreen allowfullscreen><\/iframe><\/p>\n","protected":false},"excerpt":{"rendered":"<p>Desfile de moda de la dise\u00f1adora mexicana Renatta Pruneda en el marco del Lavera Showfloor en la Berlin Fashion Week el 4 de julio de 2013 en Berl\u00edn. Comunicaci\u00f3n del evento: redacci\u00f3n, dise\u00f1o y env\u00edo de invitaciones y hand-out, adaptaci\u00f3n del logotipo de la marca, env\u00edo y organizaci\u00f3n de la lista de invitados y contacto [&hellip;]<\/p>\n","protected":false},"author":4,"featured_media":0,"parent":35,"menu_order":9,"comment_status":"open","ping_status":"open","template":"","meta":[],"_links":{"self":[{"href":"http:\/\/santacruz-ic.com\/es\/wp-json\/wp\/v2\/pages\/1161"}],"collection":[{"href":"http:\/\/santacruz-ic.com\/es\/wp-json\/wp\/v2\/pages"}],"about":[{"href":"http:\/\/santacruz-ic.com\/es\/wp-json\/wp\/v2\/types\/page"}],"author":[{"embeddable":true,"href":"http:\/\/santacruz-ic.com\/es\/wp-json\/wp\/v2\/users\/4"}],"replies":[{"embeddable":true,"href":"http:\/\/santacruz-ic.com\/es\/wp-json\/wp\/v2\/comments?post=1161"}],"version-history":[{"count":1,"href":"http:\/\/santacruz-ic.com\/es\/wp-json\/wp\/v2\/pages\/1161\/revisions"}],"predecessor-version":[{"id":1162,"href":"http:\/\/santacruz-ic.com\/es\/wp-json\/wp\/v2\/pages\/1161\/revisions\/1162"}],"up":[{"embeddable":true,"href":"http:\/\/santacruz-ic.com\/es\/wp-json\/wp\/v2\/pages\/35"}],"wp:attachment":[{"href":"http:\/\/santacruz-ic.com\/es\/wp-json\/wp\/v2\/media?parent=1161"}],"curies":[{"name":"wp","href":"https:\/\/api.w.org\/{rel}","templated":true}]}}