{"id":1165,"date":"2015-04-24T23:36:00","date_gmt":"2015-04-24T21:36:00","guid":{"rendered":"http:\/\/santacruz-ic.com\/es\/?page_id=1165"},"modified":"2015-04-24T23:36:10","modified_gmt":"2015-04-24T21:36:10","slug":"aems","status":"publish","type":"page","link":"http:\/\/santacruz-ic.com\/es\/proyectos\/aems\/","title":{"rendered":"AEMS"},"content":{"rendered":"<p>Asesor\u00eda al Presidente de la Asociaci\u00f3n Empresarial Mexicano Suiza, A.C., Andr\u00e9s Eberle, con motivo de la visita del Consejero Federal Johann Schneider-Ammann a M\u00e9xico en febrero de 2013.<\/p>\n","protected":false},"excerpt":{"rendered":"<p>Asesor\u00eda al Presidente de la Asociaci\u00f3n Empresarial Mexicano Suiza, A.C., Andr\u00e9s Eberle, con motivo de la visita del Consejero Federal Johann Schneider-Ammann a M\u00e9xico en febrero de 2013.<\/p>\n","protected":false},"author":4,"featured_media":0,"parent":35,"menu_order":11,"comment_status":"open","ping_status":"open","template":"","meta":[],"_links":{"self":[{"href":"http:\/\/santacruz-ic.com\/es\/wp-json\/wp\/v2\/pages\/1165"}],"collection":[{"href":"http:\/\/santacruz-ic.com\/es\/wp-json\/wp\/v2\/pages"}],"about":[{"href":"http:\/\/santacruz-ic.com\/es\/wp-json\/wp\/v2\/types\/page"}],"author":[{"embeddable":true,"href":"http:\/\/santacruz-ic.com\/es\/wp-json\/wp\/v2\/users\/4"}],"replies":[{"embeddable":true,"href":"http:\/\/santacruz-ic.com\/es\/wp-json\/wp\/v2\/comments?post=1165"}],"version-history":[{"count":1,"href":"http:\/\/santacruz-ic.com\/es\/wp-json\/wp\/v2\/pages\/1165\/revisions"}],"predecessor-version":[{"id":1166,"href":"http:\/\/santacruz-ic.com\/es\/wp-json\/wp\/v2\/pages\/1165\/revisions\/1166"}],"up":[{"embeddable":true,"href":"http:\/\/santacruz-ic.com\/es\/wp-json\/wp\/v2\/pages\/35"}],"wp:attachment":[{"href":"http:\/\/santacruz-ic.com\/es\/wp-json\/wp\/v2\/media?parent=1165"}],"curies":[{"name":"wp","href":"https:\/\/api.w.org\/{rel}","templated":true}]}}