{"id":1169,"date":"2015-04-24T23:38:16","date_gmt":"2015-04-24T21:38:16","guid":{"rendered":"http:\/\/santacruz-ic.com\/es\/?page_id=1169"},"modified":"2015-04-24T23:38:23","modified_gmt":"2015-04-24T21:38:23","slug":"evolucion","status":"publish","type":"page","link":"http:\/\/santacruz-ic.com\/es\/proyectos\/evolucion\/","title":{"rendered":"\u201cEvoluci\u00f3n\u201d"},"content":{"rendered":"<p>Publicaci\u00f3n concebida y dirigida en 2012 para la Autostadt de Wolfsburgo en la que se describe su origen y se explica la filosof\u00eda de la empresa. Este recorrido visual por la Autostadt da continuidad al proceso iniciado en 2010 y profundiza su estrategia de comunicaci\u00f3n internacional. Est\u00e1 disponible en 4 idiomas: ingl\u00e9s, espa\u00f1ol, franc\u00e9s y chino.<\/p>\n\n<div class=\"flexslider ssp_slider_default\" id=\"slider_652\" data-slider_id=\"652\" data-slider_options=\"{&quot;animation&quot;:&quot;slide&quot;,&quot;slideshow&quot;:true,&quot;h_responsive&quot;:false,&quot;height&quot;:&quot;338&quot;,&quot;w_responsive&quot;:false,&quot;width&quot;:&quot;507&quot;,&quot;direction&quot;:&quot;horizontal&quot;,&quot;cycle_speed&quot;:&quot;5&quot;,&quot;animation_speed&quot;:&quot;0.6&quot;,&quot;control_nav&quot;:true,&quot;direction_nav&quot;:true,&quot;keyboard_nav&quot;:true,&quot;touch_nav&quot;:true,&quot;pause_on_hover&quot;:true,&quot;caption_box&quot;:false,&quot;linkable&quot;:false,&quot;thumbnail_navigation&quot;:false}\">\n\n<ul class=\"slides ssp_slider wsp_default_skin\">\n\n  <li class=\"slide\" data-thumb=\"http:\/\/santacruz-ic.com\/es\/wp-content\/uploads\/sites\/4\/2013\/03\/evolution_1-300x200.jpg\">\n\n        \n                  <img alt=\"\" class=\"slide_image\" src=\"http:\/\/santacruz-ic.com\/es\/wp-content\/uploads\/sites\/4\/2013\/03\/evolution_1.jpg\" \/>\n          \n    \n    \n  <\/li>\n  <li class=\"slide\" data-thumb=\"http:\/\/santacruz-ic.com\/es\/wp-content\/uploads\/sites\/4\/2013\/03\/evolution_2-300x200.jpg\">\n\n        \n                  <img alt=\"\" class=\"slide_image\" src=\"http:\/\/santacruz-ic.com\/es\/wp-content\/uploads\/sites\/4\/2013\/03\/evolution_2.jpg\" \/>\n          \n    \n    \n  <\/li>\n  <li class=\"slide\" data-thumb=\"http:\/\/santacruz-ic.com\/es\/wp-content\/uploads\/sites\/4\/2013\/03\/evolution_3-300x200.jpg\">\n\n        \n                  <img alt=\"\" class=\"slide_image\" src=\"http:\/\/santacruz-ic.com\/es\/wp-content\/uploads\/sites\/4\/2013\/03\/evolution_3.jpg\" \/>\n          \n    \n    \n  <\/li>\n  <li class=\"slide\" data-thumb=\"http:\/\/santacruz-ic.com\/es\/wp-content\/uploads\/sites\/4\/2013\/03\/evolution_4-300x200.jpg\">\n\n        \n                  <img alt=\"\" class=\"slide_image\" src=\"http:\/\/santacruz-ic.com\/es\/wp-content\/uploads\/sites\/4\/2013\/03\/evolution_4.jpg\" \/>\n          \n    \n    \n  <\/li>\n  <li class=\"slide\" data-thumb=\"http:\/\/santacruz-ic.com\/es\/wp-content\/uploads\/sites\/4\/2013\/03\/evolution_5-300x200.jpg\">\n\n        \n                  <img alt=\"\" class=\"slide_image\" src=\"http:\/\/santacruz-ic.com\/es\/wp-content\/uploads\/sites\/4\/2013\/03\/evolution_5.jpg\" \/>\n          \n    \n    \n  <\/li>\n\n<\/ul>\n\n<\/div>\n","protected":false},"excerpt":{"rendered":"<p>Publicaci\u00f3n concebida y dirigida en 2012 para la Autostadt de Wolfsburgo en la que se describe su origen y se explica la filosof\u00eda de la empresa. Este recorrido visual por la Autostadt da continuidad al proceso iniciado en 2010 y profundiza su estrategia de comunicaci\u00f3n internacional. Est\u00e1 disponible en 4 idiomas: ingl\u00e9s, espa\u00f1ol, franc\u00e9s y [&hellip;]<\/p>\n","protected":false},"author":4,"featured_media":0,"parent":35,"menu_order":13,"comment_status":"open","ping_status":"open","template":"","meta":[],"_links":{"self":[{"href":"http:\/\/santacruz-ic.com\/es\/wp-json\/wp\/v2\/pages\/1169"}],"collection":[{"href":"http:\/\/santacruz-ic.com\/es\/wp-json\/wp\/v2\/pages"}],"about":[{"href":"http:\/\/santacruz-ic.com\/es\/wp-json\/wp\/v2\/types\/page"}],"author":[{"embeddable":true,"href":"http:\/\/santacruz-ic.com\/es\/wp-json\/wp\/v2\/users\/4"}],"replies":[{"embeddable":true,"href":"http:\/\/santacruz-ic.com\/es\/wp-json\/wp\/v2\/comments?post=1169"}],"version-history":[{"count":1,"href":"http:\/\/santacruz-ic.com\/es\/wp-json\/wp\/v2\/pages\/1169\/revisions"}],"predecessor-version":[{"id":1170,"href":"http:\/\/santacruz-ic.com\/es\/wp-json\/wp\/v2\/pages\/1169\/revisions\/1170"}],"up":[{"embeddable":true,"href":"http:\/\/santacruz-ic.com\/es\/wp-json\/wp\/v2\/pages\/35"}],"wp:attachment":[{"href":"http:\/\/santacruz-ic.com\/es\/wp-json\/wp\/v2\/media?parent=1169"}],"curies":[{"name":"wp","href":"https:\/\/api.w.org\/{rel}","templated":true}]}}