{"id":1171,"date":"2015-04-24T23:39:03","date_gmt":"2015-04-24T21:39:03","guid":{"rendered":"http:\/\/santacruz-ic.com\/es\/?page_id=1171"},"modified":"2015-04-24T23:39:09","modified_gmt":"2015-04-24T21:39:09","slug":"the-autostadt-stories","status":"publish","type":"page","link":"http:\/\/santacruz-ic.com\/es\/proyectos\/the-autostadt-stories\/","title":{"rendered":"\u201cThe Autostadt Stories\u201d"},"content":{"rendered":"<p>Primera publicaci\u00f3n concebida y dirigida en 2010 para la Autostadt en Wolfsburgo con el fin de presentar a la empresa ante el p\u00fablico internacional. A trav\u00e9s de sus 4 partes  &#8211; \u201cImpresiones\u201d, \u201cRostros\u201d, \u201cInstalaciones\u201d y \u201cVisi\u00f3n\u201d &#8211; describe el concepto de la empresa, presenta a los creativos que participaron en la realizaci\u00f3n del proyecto e informa sobre las instalaciones y atracciones m\u00e1s importantes de la Autostadt, as\u00ed como sobre su visi\u00f3n futura. Realizada en 3 idiomas: ingl\u00e9s, espa\u00f1ol y chino.<\/p>\n\n<div class=\"flexslider ssp_slider_default\" id=\"slider_654\" data-slider_id=\"654\" data-slider_options=\"{&quot;animation&quot;:&quot;slide&quot;,&quot;slideshow&quot;:true,&quot;h_responsive&quot;:false,&quot;height&quot;:&quot;338&quot;,&quot;w_responsive&quot;:false,&quot;width&quot;:&quot;507&quot;,&quot;direction&quot;:&quot;horizontal&quot;,&quot;cycle_speed&quot;:&quot;5&quot;,&quot;animation_speed&quot;:&quot;0.6&quot;,&quot;control_nav&quot;:true,&quot;direction_nav&quot;:true,&quot;keyboard_nav&quot;:true,&quot;touch_nav&quot;:true,&quot;pause_on_hover&quot;:true,&quot;caption_box&quot;:false,&quot;linkable&quot;:false,&quot;thumbnail_navigation&quot;:false}\">\n\n<ul class=\"slides ssp_slider wsp_default_skin\">\n\n  <li class=\"slide\" data-thumb=\"http:\/\/santacruz-ic.com\/es\/wp-content\/uploads\/sites\/4\/2013\/03\/stories_4-300x200.jpg\">\n\n        \n                  <img alt=\"\" class=\"slide_image\" src=\"http:\/\/santacruz-ic.com\/es\/wp-content\/uploads\/sites\/4\/2013\/03\/stories_4.jpg\" \/>\n          \n    \n    \n  <\/li>\n  <li class=\"slide\" data-thumb=\"http:\/\/santacruz-ic.com\/es\/wp-content\/uploads\/sites\/4\/2013\/03\/stories_3-300x200.jpg\">\n\n        \n                  <img alt=\"\" class=\"slide_image\" src=\"http:\/\/santacruz-ic.com\/es\/wp-content\/uploads\/sites\/4\/2013\/03\/stories_3.jpg\" \/>\n          \n    \n    \n  <\/li>\n  <li class=\"slide\" data-thumb=\"http:\/\/santacruz-ic.com\/es\/wp-content\/uploads\/sites\/4\/2013\/03\/stories_2-300x200.jpg\">\n\n        \n                  <img alt=\"\" class=\"slide_image\" src=\"http:\/\/santacruz-ic.com\/es\/wp-content\/uploads\/sites\/4\/2013\/03\/stories_2.jpg\" \/>\n          \n    \n    \n  <\/li>\n  <li class=\"slide\" data-thumb=\"http:\/\/santacruz-ic.com\/es\/wp-content\/uploads\/sites\/4\/2013\/03\/stories_1-300x200.jpg\">\n\n        \n                  <img alt=\"\" class=\"slide_image\" src=\"http:\/\/santacruz-ic.com\/es\/wp-content\/uploads\/sites\/4\/2013\/03\/stories_1.jpg\" \/>\n          \n    \n    \n  <\/li>\n\n<\/ul>\n\n<\/div>\n","protected":false},"excerpt":{"rendered":"<p>Primera publicaci\u00f3n concebida y dirigida en 2010 para la Autostadt en Wolfsburgo con el fin de presentar a la empresa ante el p\u00fablico internacional. A trav\u00e9s de sus 4 partes &#8211; \u201cImpresiones\u201d, \u201cRostros\u201d, \u201cInstalaciones\u201d y \u201cVisi\u00f3n\u201d &#8211; describe el concepto de la empresa, presenta a los creativos que participaron en la realizaci\u00f3n del proyecto e [&hellip;]<\/p>\n","protected":false},"author":4,"featured_media":0,"parent":35,"menu_order":14,"comment_status":"open","ping_status":"open","template":"","meta":[],"_links":{"self":[{"href":"http:\/\/santacruz-ic.com\/es\/wp-json\/wp\/v2\/pages\/1171"}],"collection":[{"href":"http:\/\/santacruz-ic.com\/es\/wp-json\/wp\/v2\/pages"}],"about":[{"href":"http:\/\/santacruz-ic.com\/es\/wp-json\/wp\/v2\/types\/page"}],"author":[{"embeddable":true,"href":"http:\/\/santacruz-ic.com\/es\/wp-json\/wp\/v2\/users\/4"}],"replies":[{"embeddable":true,"href":"http:\/\/santacruz-ic.com\/es\/wp-json\/wp\/v2\/comments?post=1171"}],"version-history":[{"count":1,"href":"http:\/\/santacruz-ic.com\/es\/wp-json\/wp\/v2\/pages\/1171\/revisions"}],"predecessor-version":[{"id":1172,"href":"http:\/\/santacruz-ic.com\/es\/wp-json\/wp\/v2\/pages\/1171\/revisions\/1172"}],"up":[{"embeddable":true,"href":"http:\/\/santacruz-ic.com\/es\/wp-json\/wp\/v2\/pages\/35"}],"wp:attachment":[{"href":"http:\/\/santacruz-ic.com\/es\/wp-json\/wp\/v2\/media?parent=1171"}],"curies":[{"name":"wp","href":"https:\/\/api.w.org\/{rel}","templated":true}]}}