{"id":1177,"date":"2015-04-24T23:42:03","date_gmt":"2015-04-24T21:42:03","guid":{"rendered":"http:\/\/santacruz-ic.com\/es\/?page_id=1177"},"modified":"2015-04-24T23:42:03","modified_gmt":"2015-04-24T21:42:03","slug":"expo-2000-hannover","status":"publish","type":"page","link":"http:\/\/santacruz-ic.com\/es\/proyectos\/expo-2000-hannover\/","title":{"rendered":"EXPO 2000, Hannover"},"content":{"rendered":"<p>Portavoz del Pabell\u00f3n de M\u00e9xico, responsable de la oficina de prensa y de la organizaci\u00f3n de eventos. Durante este per\u00edodo, aparecieron 428 art\u00edculos sobre M\u00e9xico en 96 publicaciones peri\u00f3dicas alemanas. Las televisoras alemanas realizaron 20 reportajes sobre el Pabell\u00f3n de M\u00e9xico que totalizaron 109 minutos de transmisi\u00f3n al aire. Se efectuaron 11 conferencias y encuentros de prensa y se emitieron 21 boletines de prensa. Se recibi\u00f3 la visita de 69 medios de comunicaci\u00f3n de todo el mundo.<\/p>\n","protected":false},"excerpt":{"rendered":"<p>Portavoz del Pabell\u00f3n de M\u00e9xico, responsable de la oficina de prensa y de la organizaci\u00f3n de eventos. Durante este per\u00edodo, aparecieron 428 art\u00edculos sobre M\u00e9xico en 96 publicaciones peri\u00f3dicas alemanas. Las televisoras alemanas realizaron 20 reportajes sobre el Pabell\u00f3n de M\u00e9xico que totalizaron 109 minutos de transmisi\u00f3n al aire. Se efectuaron 11 conferencias y encuentros [&hellip;]<\/p>\n","protected":false},"author":4,"featured_media":0,"parent":35,"menu_order":17,"comment_status":"open","ping_status":"open","template":"","meta":[],"_links":{"self":[{"href":"http:\/\/santacruz-ic.com\/es\/wp-json\/wp\/v2\/pages\/1177"}],"collection":[{"href":"http:\/\/santacruz-ic.com\/es\/wp-json\/wp\/v2\/pages"}],"about":[{"href":"http:\/\/santacruz-ic.com\/es\/wp-json\/wp\/v2\/types\/page"}],"author":[{"embeddable":true,"href":"http:\/\/santacruz-ic.com\/es\/wp-json\/wp\/v2\/users\/4"}],"replies":[{"embeddable":true,"href":"http:\/\/santacruz-ic.com\/es\/wp-json\/wp\/v2\/comments?post=1177"}],"version-history":[{"count":1,"href":"http:\/\/santacruz-ic.com\/es\/wp-json\/wp\/v2\/pages\/1177\/revisions"}],"predecessor-version":[{"id":1178,"href":"http:\/\/santacruz-ic.com\/es\/wp-json\/wp\/v2\/pages\/1177\/revisions\/1178"}],"up":[{"embeddable":true,"href":"http:\/\/santacruz-ic.com\/es\/wp-json\/wp\/v2\/pages\/35"}],"wp:attachment":[{"href":"http:\/\/santacruz-ic.com\/es\/wp-json\/wp\/v2\/media?parent=1177"}],"curies":[{"name":"wp","href":"https:\/\/api.w.org\/{rel}","templated":true}]}}