{"id":1183,"date":"2015-05-04T21:51:45","date_gmt":"2015-05-04T19:51:45","guid":{"rendered":"http:\/\/santacruz-ic.com\/es\/?page_id=1183"},"modified":"2015-07-17T09:55:15","modified_gmt":"2015-07-17T07:55:15","slug":"comunicacion-internacional-y-relaciones-publicas","status":"publish","type":"page","link":"http:\/\/santacruz-ic.com\/es\/comunicacion-internacional-y-relaciones-publicas\/","title":{"rendered":"Comunicaci\u00f3n Internacional y Relaciones P\u00fablicas"},"content":{"rendered":"<h2>Comunicaci\u00f3n Internacional y Relaciones P\u00fablicas<\/h2>\n<h1 class=\"large bold\">Un mensaje.<br \/>Muchos mundos.<\/h1>\n<p>\nNuestra agencia de comunicaci\u00f3n internacional establecida en Berl\u00edn le ayuda no solo a generar el contenido del mensaje que necesita transmitir como individuo, organizaci\u00f3n o instituci\u00f3n, sino que hace uso de su  experiencia internacional e intercultural para adaptar ese mensaje a fin de que se entienda claramente en contextos, pa\u00edses o idiomas diferentes a aqu\u00e9llos en los que fue creado.\n<\/p>\n<p>\nEsto aplica a todos los \u00e1mbitos de la comunicaci\u00f3n. Nuestros retos han sido diversos en los \u00e1mbitos corporativo, pol\u00edtico, cultural y art\u00edstico. Tenemos una red internacional de profesionales que colaboran con nosotros para proyectos espec\u00edficos, ya sean de imagen, cine, television, m\u00fasica o moda. Cada proyecto tiene un resultado diferente y hecho a la medida: publicaciones, libros, videos, boletines de prensa, estrategias de relaciones p\u00fablicas y relaciones con medios de comunicaci\u00f3n, sesiones de consultor\u00eda&#8230;\n<\/p>\n<h1>Nuestros espacios para la reflexi\u00f3n.<\/h1>\n<p>\nAdem\u00e1s del \u00e1mbito de negocios, tenemos dos revistas electr\u00f3nicas, \u201cEncounters\u201d y \u201cOur World\u201d dedicadas a crear espacios para el conocimiento y la reflexi\u00f3n con colaboradores de todo el mundo, quienes a trav\u00e9s de sus textos reflejan la actualidad global.\n<\/p>\n<h1>\u00bfC\u00f3mo definimos el \u00e9xito comunicacional?<\/h1>\n<p>\nCon mensajes bien elaborados y contenidos bien definidos que ayuden a nuestros clientes a comunicarse con \u00e9xito al transitar entre diversos pa\u00edses y culturas. Que los receptores de esa comunicaci\u00f3n, sin importar su procedencia, entiendan la idea original que quisimos transmitir. Despu\u00e9s de esta experiencia comunicacional, nuestros clientes saben que en esos mundos diversos se entendi\u00f3 su mensaje original. Al final, ya no es un mensaje y muchos mundos, sino\n<\/p>\n<p>&nbsp;<\/p>\n<h1 class=\"large bold\">Muchos mundos:<br \/>un mensaje.<\/h1>\n<h2>\u00a1Bienvenidos!<\/h2>\n","protected":false},"excerpt":{"rendered":"<p>Comunicaci\u00f3n Internacional y Relaciones P\u00fablicas Un mensaje.Muchos mundos. Nuestra agencia de comunicaci\u00f3n internacional establecida en Berl\u00edn le ayuda no solo a generar el contenido del mensaje que necesita transmitir como individuo, organizaci\u00f3n o instituci\u00f3n, sino que hace uso de su experiencia internacional e intercultural para adaptar ese mensaje a fin de que se entienda claramente [&hellip;]<\/p>\n","protected":false},"author":4,"featured_media":0,"parent":0,"menu_order":0,"comment_status":"open","ping_status":"open","template":"page_no_title.php","meta":[],"_links":{"self":[{"href":"http:\/\/santacruz-ic.com\/es\/wp-json\/wp\/v2\/pages\/1183"}],"collection":[{"href":"http:\/\/santacruz-ic.com\/es\/wp-json\/wp\/v2\/pages"}],"about":[{"href":"http:\/\/santacruz-ic.com\/es\/wp-json\/wp\/v2\/types\/page"}],"author":[{"embeddable":true,"href":"http:\/\/santacruz-ic.com\/es\/wp-json\/wp\/v2\/users\/4"}],"replies":[{"embeddable":true,"href":"http:\/\/santacruz-ic.com\/es\/wp-json\/wp\/v2\/comments?post=1183"}],"version-history":[{"count":6,"href":"http:\/\/santacruz-ic.com\/es\/wp-json\/wp\/v2\/pages\/1183\/revisions"}],"predecessor-version":[{"id":1191,"href":"http:\/\/santacruz-ic.com\/es\/wp-json\/wp\/v2\/pages\/1183\/revisions\/1191"}],"wp:attachment":[{"href":"http:\/\/santacruz-ic.com\/es\/wp-json\/wp\/v2\/media?parent=1183"}],"curies":[{"name":"wp","href":"https:\/\/api.w.org\/{rel}","templated":true}]}}