{"id":37,"date":"2013-03-12T14:34:08","date_gmt":"2013-03-12T12:34:08","guid":{"rendered":"http:\/\/sic.sevenminds.de\/es\/?page_id=37"},"modified":"2015-04-17T16:01:10","modified_gmt":"2015-04-17T16:01:10","slug":"vita","status":"publish","type":"page","link":"http:\/\/santacruz-ic.com\/es\/vita\/","title":{"rendered":"Vita"},"content":{"rendered":"<h1>Dr. Lino Santacruz Moctezuma<\/h1>\n<p>Naci\u00f3 en 1966 en la Ciudad de M\u00e9xico. Estudi\u00f3 la licenciatura en Comunicaci\u00f3n (Universidad Iberoamericana, Ciudad de M\u00e9xico), las maestr\u00edas en Comunicaci\u00f3n Masiva (University of Leicester, Reino Unido) y Estudios Diplom\u00e1ticos (IMRED, Secretar\u00eda de Relaciones Exteriores de M\u00e9xico), as\u00ed como el doctorado en Comunicaci\u00f3n Masiva (University of Leicester, Reino Unido). <\/p>\n<p>Fue profesor de comunicaci\u00f3n a nivel de licenciatura y maestr\u00eda \u2013 de la cual fue coordinador &#8211; en la Universidad Iberoamericana y fue profesor y conferencista invitado de comunicaci\u00f3n internacional en otras instituciones acad\u00e9micas en M\u00e9xico. Es autor del libro \u201cComunicaci\u00f3n Satelital y Desarrollo\u201d (1993), as\u00ed como de colaboraciones en libros y revistas especializados. Tradujo al espa\u00f1ol libros de comunicaci\u00f3n y mercadotecnia y ha subtitulado al espa\u00f1ol decenas de programas de televisi\u00f3n de habla inglesa y alemana.<\/p>\n<p>Obtuvo una s\u00f3lida formaci\u00f3n y experiencia profesional en varias \u00e1reas del Sistema de Informaci\u00f3n Log\u00edstica del Grupo Televisa, llegando a ser Coordinador General de Operaciones. Trabaj\u00f3 en el \u00e1rea de publicidad de la empresa satelital mexicana, Telecomunicaciones de M\u00e9xico, y en un proyecto de telefon\u00eda de fibra \u00f3ptica para la Secretar\u00eda de Relaciones Exteriores de M\u00e9xico del Programa de Naciones Unidas para el Desarrollo (UNDP).<\/p>\n<p>Fue diplom\u00e1tico de carrera, miembro del Servicio Exterior Mexicano hasta 2012. Entre 1994 y 2009, trabaj\u00f3 en las \u00e1reas de telecomunicaciones y cultural de la Secretar\u00eda de Relaciones Exteriores y fue C\u00f3nsul Alterno en el Consulado General de M\u00e9xico en Fr\u00e1ncfort del Meno, Alemania. Estuvo al frente de las labores de cultura, derechos humanos, pol\u00edtica exterior y prensa en la Embajada de M\u00e9xico en Bonn y Berl\u00edn. Fue tambi\u00e9n Jefe de Prensa en el Consulado General de M\u00e9xico en Chicago, Illinois, Estados Unidos.<\/p>\n<p>Tras ese per\u00edodo inici\u00f3 su trabajo independiente en Berl\u00edn. Destaca su labor como responsable de medios internacionales de la Autostadt, la plataforma de comunicaci\u00f3n del Grupo Volkswagen en Wolfsburgo, as\u00ed como su colaboraci\u00f3n como traductor, locutor y productor del Servicio en Espa\u00f1ol de la televisora Deutsche Welle. Santacruz International Communication es resultado de esta nueva etapa laboral.<\/p>\n<p>Es miembro de la Asociaci\u00f3n Internacional de Estudios de Comunicaci\u00f3n Social (IAMCR), de la Asociaci\u00f3n Alemana de Periodistas (DJV) y Presidente Honorario de la Asociaci\u00f3n de Agregados de Prensa acreditados en Berl\u00edn, Alemania.<\/p>\n","protected":false},"excerpt":{"rendered":"<p>Dr. Lino Santacruz Moctezuma Naci\u00f3 en 1966 en la Ciudad de M\u00e9xico. Estudi\u00f3 la licenciatura en Comunicaci\u00f3n (Universidad Iberoamericana, Ciudad de M\u00e9xico), las maestr\u00edas en Comunicaci\u00f3n Masiva (University of Leicester, Reino Unido) y Estudios Diplom\u00e1ticos (IMRED, Secretar\u00eda de Relaciones Exteriores de M\u00e9xico), as\u00ed como el doctorado en Comunicaci\u00f3n Masiva (University of Leicester, Reino Unido). Fue [&hellip;]<\/p>\n","protected":false},"author":2,"featured_media":1129,"parent":0,"menu_order":0,"comment_status":"closed","ping_status":"closed","template":"page.php","meta":[],"_links":{"self":[{"href":"http:\/\/santacruz-ic.com\/es\/wp-json\/wp\/v2\/pages\/37"}],"collection":[{"href":"http:\/\/santacruz-ic.com\/es\/wp-json\/wp\/v2\/pages"}],"about":[{"href":"http:\/\/santacruz-ic.com\/es\/wp-json\/wp\/v2\/types\/page"}],"author":[{"embeddable":true,"href":"http:\/\/santacruz-ic.com\/es\/wp-json\/wp\/v2\/users\/2"}],"replies":[{"embeddable":true,"href":"http:\/\/santacruz-ic.com\/es\/wp-json\/wp\/v2\/comments?post=37"}],"version-history":[{"count":6,"href":"http:\/\/santacruz-ic.com\/es\/wp-json\/wp\/v2\/pages\/37\/revisions"}],"predecessor-version":[{"id":1131,"href":"http:\/\/santacruz-ic.com\/es\/wp-json\/wp\/v2\/pages\/37\/revisions\/1131"}],"wp:featuredmedia":[{"embeddable":true,"href":"http:\/\/santacruz-ic.com\/es\/wp-json\/wp\/v2\/media\/1129"}],"wp:attachment":[{"href":"http:\/\/santacruz-ic.com\/es\/wp-json\/wp\/v2\/media?parent=37"}],"curies":[{"name":"wp","href":"https:\/\/api.w.org\/{rel}","templated":true}]}}