{"id":39,"date":"2013-03-12T14:46:06","date_gmt":"2013-03-12T12:46:06","guid":{"rendered":"http:\/\/sic.sevenminds.de\/es\/?page_id=39"},"modified":"2022-01-21T22:42:14","modified_gmt":"2022-01-21T21:42:14","slug":"contacto","status":"publish","type":"page","link":"http:\/\/santacruz-ic.com\/es\/contacto\/","title":{"rendered":"Contacto \/ Pie de Imprenta"},"content":{"rendered":"<h2>Santacruz International Communication<\/h2>\n<p>Dr. Lino Santacruz Moctezuma<br \/>\nThe Residence General<br \/>\nMathenge, Apt. A-3, Spring Valley<br \/>\n40497-00100, Nairobi, Kenya<br \/>\nCorreo-e: <a href=\"mailto:mail@santacruz-ic.com\">mail@santacruz-ic.com<\/a><\/p>\n<h3>Pie de Imprenta<\/h3>\n<p>Responsable del contenido: Dr. Lino Santacruz Moctezuma<\/p>\n<p>Santacruz International Communication <a href=\"http:\/\/www.santacruz-ic.com\" target=\"_blank\" rel=\"noopener\">www.santacruz-ic.com<\/a><\/p>\n<p>Encounters Magazine <a href=\"http:\/\/www.encounters-magazine.com\" target=\"_blank\" rel=\"noopener\">www.encounters-magazine.com<\/a><\/p>\n<p>Our World Magazine <a href=\"http:\/\/www.ourworld-magazine.com\" target=\"_blank\" rel=\"noopener\">www.ourworld-magazine.com<\/a><\/p>\n<p>Gestaltung: Paul Bieri, dia<br \/>\n<a href=\"http:\/\/www.diaberlin.de\" target=\"_blank\" rel=\"noopener\">www.diaberlin.de<\/a><\/p>\n<p>\u00dcbersetzung: Text International GmbH \/ Susann Barahona<br \/>\n<a href=\"http:\/\/www.textinternational.com\" target=\"_blank\" rel=\"noopener\">www.textinternational.com<\/a><\/p>\n<p>Programaci\u00f3n: Sebastian Klammer<br \/>\n<a title=\"Webdesign Berlin\" href=\"https:\/\/sebastian-klammer.de\/\" target=\"_blank\" rel=\"noopener\">sebastian-klammer.de<\/a><\/p>\n<p>Fotos projectos: Andreas Xaver S\u00fc\u00df<\/p>\n<h3>Informaci\u00f3n legal<\/h3>\n<p><b>Contenidos:<\/b><br \/>\nLos contenidos de este sitio web se investigan con el m\u00e1ximo cuidado posible. No obstante, el proveedor no se hace responsable de la exactitud, integridad y actualidad de la informaci\u00f3n aqu\u00ed expuesta. Los art\u00edculos reflejan \u00fanicamente la opini\u00f3n del autor.<\/p>\n<p><b>Derechos:<\/b><br \/>\nCualquier utilizaci\u00f3n no permitida por la ley sobre propiedad intelectual de la informaci\u00f3n y las im\u00e1genes publicadas en este sitio web requiere el consentimiento previo y por escrito del proveedor. Esto tiene validez especialmente para la reproducci\u00f3n, adaptaci\u00f3n, traducci\u00f3n, almacenamiento, procesamiento y copia de contenidos en bases de datos u otros medios y sistemas electr\u00f3nicos.<\/p>\n<p>\u00a9 Santacruz International Communication, 2015<\/p>\n","protected":false},"excerpt":{"rendered":"<p>Santacruz International Communication Dr. Lino Santacruz Moctezuma The Residence General Mathenge, Apt. A-3, Spring Valley 40497-00100, Nairobi, Kenya Correo-e: mail@santacruz-ic.com Pie de Imprenta Responsable del contenido: Dr. Lino Santacruz Moctezuma Santacruz International Communication www.santacruz-ic.com Encounters Magazine www.encounters-magazine.com Our World Magazine www.ourworld-magazine.com Gestaltung: Paul Bieri, dia www.diaberlin.de \u00dcbersetzung: Text International GmbH \/ Susann Barahona www.textinternational.com Programaci\u00f3n: [&hellip;]<\/p>\n","protected":false},"author":2,"featured_media":0,"parent":0,"menu_order":0,"comment_status":"closed","ping_status":"closed","template":"page.php","meta":[],"_links":{"self":[{"href":"http:\/\/santacruz-ic.com\/es\/wp-json\/wp\/v2\/pages\/39"}],"collection":[{"href":"http:\/\/santacruz-ic.com\/es\/wp-json\/wp\/v2\/pages"}],"about":[{"href":"http:\/\/santacruz-ic.com\/es\/wp-json\/wp\/v2\/types\/page"}],"author":[{"embeddable":true,"href":"http:\/\/santacruz-ic.com\/es\/wp-json\/wp\/v2\/users\/2"}],"replies":[{"embeddable":true,"href":"http:\/\/santacruz-ic.com\/es\/wp-json\/wp\/v2\/comments?post=39"}],"version-history":[{"count":22,"href":"http:\/\/santacruz-ic.com\/es\/wp-json\/wp\/v2\/pages\/39\/revisions"}],"predecessor-version":[{"id":1217,"href":"http:\/\/santacruz-ic.com\/es\/wp-json\/wp\/v2\/pages\/39\/revisions\/1217"}],"wp:attachment":[{"href":"http:\/\/santacruz-ic.com\/es\/wp-json\/wp\/v2\/media?parent=39"}],"curies":[{"name":"wp","href":"https:\/\/api.w.org\/{rel}","templated":true}]}}