{"id":7,"date":"2013-03-09T22:13:34","date_gmt":"2013-03-09T22:13:34","guid":{"rendered":"http:\/\/sic.sevenminds.de\/es\/?page_id=2"},"modified":"2015-04-24T23:22:09","modified_gmt":"2015-04-24T21:22:09","slug":"filosofia","status":"publish","type":"page","link":"http:\/\/santacruz-ic.com\/es\/filosofia\/","title":{"rendered":"Filosof\u00eda"},"content":{"rendered":"<h1>Creo en las personas. Creo en la fuerza de las palabras y de la comunicaci\u00f3n para enriquecer al ser humano.<\/h1>\n<p>El siglo XXI es testigo de un desarrollo tecnol\u00f3gico sin precedente que permite a los individuos conectarse entre s\u00ed y compartir informaci\u00f3n y conocimientos con una frecuencia y una velocidad cada vez mayores. Las posibilidades para transportarse son igualmente sorprendentes. As\u00ed, el factor internacional es cada vez m\u00e1s relevante en todos los \u00e1mbitos del quehacer humano alrededor del mundo. Para algunos, llega a convertirse en algo cotidiano. El encuentro de personas, grupos o representantes de organizaciones, empresas, instituciones y gobiernos provenientes de contextos diferentes puede representar ciertos desaf\u00edos para establecer una comunicaci\u00f3n plena. Sin importar el objetivo del contacto, lo \u00fanico seguro es que los participantes crecer\u00e1n en el proceso. Mi tarea es ayudarlos a que su comunicaci\u00f3n sea \u00f3ptima.<\/p>\n<p>Bienvenidos a mi p\u00e1gina web.<br \/>\nDr. Lino Santacruz Moctezuma<\/p>\n<h2>Santacruz International Communication<\/h2>\n<p>SANTACRUZ INTERNATIONAL COMMUNICATION es una empresa dedicada a llevar a cabo proyectos y crear estrategias de comunicaci\u00f3n a la medida para que el mensaje que desea enviarse sea bien comprendido y recibido por el destinatario. Para ello se estudia el contexto en el que se da el proceso de comunicaci\u00f3n y se conforma un equipo de trabajo espec\u00edfico para generar soluciones \u00f3ptimas. Se trata de un equipo multinacional de profesionales unido para ofrecer a sus clientes soluciones de comunicaci\u00f3n internacional con contenidos claros, plasmados en productos y servicios de m\u00e1xima calidad.<\/p>\n<h2>Revista \u201cENCOUNTERS\u201d<\/h2>\n<p>\u201cENCOUNTERS\u201d es la revista en l\u00ednea que refleja la filosof\u00eda de la empresa. Comprendemos mejor al mundo cuando conocemos c\u00f3mo trabajan, piensan y sienten las personas que lo habitan. Aqu\u00ed no s\u00f3lo se presentan a s\u00ed mismas sin formatos preestablecidos, sino que nos muestran los lugares que les son atractivos o tienen un significado para ellas. No importa su procedencia diversa ni sus diferencias, sino aquello que las une. Sus historias nos dar\u00e1n mucho para reflexionar sobre este mundo global y, con suerte, tambi\u00e9n nos servir\u00e1n de inspiraci\u00f3n. Los textos, las im\u00e1genes y los videos nos ayudar\u00e1n a \u201cencontrarnos\u201d con estas personas y disfrutar de distintos lugares. De marzo a agosto de 2013 se produjeron 6 ediciones de \u201cEncounters\u201d.<\/p>\n<h2>Revista \u201cOUR WORLD\u201d<\/h2>\n<p>\u201cOUR WORLD\u201d invita a especialistas a analizar los diversos fen\u00f3menos que suceden en torno a la globalizaci\u00f3n y que definen nuestro mundo. Los temas de actualidad tratados en este proyecto nos invitan a reflexionar sobre situaciones y desarrollos que van creando nuevos h\u00e1bitos y costumbres en todos los \u00e1mbitos de la actividad humana. Tecnolog\u00eda, arte, sociedad, medio ambiente: no importa si los temas son locales, regionales o globales. \u201cOUR WORLD\u201d nos recuerda que todos somos parte de ese desarrollo y, al igual que su proyecto antecesor \u201cEncounters\u201d, tiene el prop\u00f3sito de informar y, de ser posible, inspirar a nuestros lectores a conocer m\u00e1s sobre \u00e9ste, nuestro mundo. Este proyecto inicia en octubre de 2013.<\/p>\n","protected":false},"excerpt":{"rendered":"<p>Creo en las personas. Creo en la fuerza de las palabras y de la comunicaci\u00f3n para enriquecer al ser humano. El siglo XXI es testigo de un desarrollo tecnol\u00f3gico sin precedente que permite a los individuos conectarse entre s\u00ed y compartir informaci\u00f3n y conocimientos con una frecuencia y una velocidad cada vez mayores. Las posibilidades [&hellip;]<\/p>\n","protected":false},"author":2,"featured_media":0,"parent":0,"menu_order":0,"comment_status":"open","ping_status":"open","template":"page.php","meta":[],"_links":{"self":[{"href":"http:\/\/santacruz-ic.com\/es\/wp-json\/wp\/v2\/pages\/7"}],"collection":[{"href":"http:\/\/santacruz-ic.com\/es\/wp-json\/wp\/v2\/pages"}],"about":[{"href":"http:\/\/santacruz-ic.com\/es\/wp-json\/wp\/v2\/types\/page"}],"author":[{"embeddable":true,"href":"http:\/\/santacruz-ic.com\/es\/wp-json\/wp\/v2\/users\/2"}],"replies":[{"embeddable":true,"href":"http:\/\/santacruz-ic.com\/es\/wp-json\/wp\/v2\/comments?post=7"}],"version-history":[{"count":16,"href":"http:\/\/santacruz-ic.com\/es\/wp-json\/wp\/v2\/pages\/7\/revisions"}],"predecessor-version":[{"id":1135,"href":"http:\/\/santacruz-ic.com\/es\/wp-json\/wp\/v2\/pages\/7\/revisions\/1135"}],"wp:attachment":[{"href":"http:\/\/santacruz-ic.com\/es\/wp-json\/wp\/v2\/media?parent=7"}],"curies":[{"name":"wp","href":"https:\/\/api.w.org\/{rel}","templated":true}]}}